{"id":11835,"date":"2023-04-20T14:08:29","date_gmt":"2023-04-20T14:08:29","guid":{"rendered":"http:\/\/10.0.1.180\/?page_id=11835"},"modified":"2024-09-11T10:06:17","modified_gmt":"2024-09-11T10:06:17","slug":"extra","status":"publish","type":"page","link":"http:\/\/www.torinodanzafestival.it\/?page_id=11835","title":{"rendered":"Torinodanza Plus"},"content":{"rendered":"<div class=\"wpb-content-wrapper\"><p>[vc_row][vc_column][vc_column_text][\/vc_column_text][\/vc_column][\/vc_row][vc_row content_placement=&#8221;bottom&#8221;][vc_column][vc_column_text]<div id=\"layerslider_2_1m7wchxy6mrb2\"  class=\"ls-wp-container fitvidsignore ls-selectable\" style=\"width:1280px;height:350px;margin:0 auto;margin-bottom: 0px;\"><div class=\"ls-slide\" data-ls=\"bgposition:50% 100%;transition2d:14;\"><img loading=\"lazy\" decoding=\"async\" width=\"2500\" height=\"400\" src=\"http:\/\/www.torinodanzafestival.it\/wp-content\/uploads\/2025\/04\/head-td-interno-222.jpg\" class=\"ls-bg\" alt=\"\" srcset=\"http:\/\/www.torinodanzafestival.it\/wp-content\/uploads\/2025\/04\/head-td-interno-222.jpg 2500w, http:\/\/www.torinodanzafestival.it\/wp-content\/uploads\/2025\/04\/head-td-interno-222-300x48.jpg 300w, http:\/\/www.torinodanzafestival.it\/wp-content\/uploads\/2025\/04\/head-td-interno-222-768x123.jpg 768w, http:\/\/www.torinodanzafestival.it\/wp-content\/uploads\/2025\/04\/head-td-interno-222-1024x164.jpg 1024w, http:\/\/www.torinodanzafestival.it\/wp-content\/uploads\/2025\/04\/head-td-interno-222-600x96.jpg 600w, http:\/\/www.torinodanzafestival.it\/wp-content\/uploads\/2025\/04\/head-td-interno-222-1612x258.jpg 1612w, http:\/\/www.torinodanzafestival.it\/wp-content\/uploads\/2025\/04\/head-td-interno-222-1116x179.jpg 1116w, http:\/\/www.torinodanzafestival.it\/wp-content\/uploads\/2025\/04\/head-td-interno-222-806x129.jpg 806w, http:\/\/www.torinodanzafestival.it\/wp-content\/uploads\/2025\/04\/head-td-interno-222-558x89.jpg 558w, http:\/\/www.torinodanzafestival.it\/wp-content\/uploads\/2025\/04\/head-td-interno-222-655x105.jpg 655w\" sizes=\"auto, (max-width: 2500px) 100vw, 2500px\" \/><img loading=\"lazy\" decoding=\"async\" width=\"1500\" height=\"400\" src=\"http:\/\/www.torinodanzafestival.it\/wp-content\/uploads\/2025\/04\/head-td-interno.jpg\" class=\"ls-tn\" alt=\"\" srcset=\"http:\/\/www.torinodanzafestival.it\/wp-content\/uploads\/2025\/04\/head-td-interno.jpg 1500w, http:\/\/www.torinodanzafestival.it\/wp-content\/uploads\/2025\/04\/head-td-interno-300x80.jpg 300w, http:\/\/www.torinodanzafestival.it\/wp-content\/uploads\/2025\/04\/head-td-interno-768x205.jpg 768w, http:\/\/www.torinodanzafestival.it\/wp-content\/uploads\/2025\/04\/head-td-interno-1024x273.jpg 1024w, http:\/\/www.torinodanzafestival.it\/wp-content\/uploads\/2025\/04\/head-td-interno-600x160.jpg 600w, http:\/\/www.torinodanzafestival.it\/wp-content\/uploads\/2025\/04\/head-td-interno-1116x298.jpg 1116w, http:\/\/www.torinodanzafestival.it\/wp-content\/uploads\/2025\/04\/head-td-interno-806x215.jpg 806w, http:\/\/www.torinodanzafestival.it\/wp-content\/uploads\/2025\/04\/head-td-interno-558x149.jpg 558w, http:\/\/www.torinodanzafestival.it\/wp-content\/uploads\/2025\/04\/head-td-interno-655x175.jpg 655w\" sizes=\"auto, (max-width: 1500px) 100vw, 1500px\" \/><\/div><div class=\"ls-slide\" data-ls=\"bgposition:50% 100%;transition2d:11;\"><img loading=\"lazy\" decoding=\"async\" width=\"2500\" height=\"400\" src=\"http:\/\/www.torinodanzafestival.it\/wp-content\/uploads\/2025\/04\/head-td-interno-222.jpg\" class=\"ls-bg\" alt=\"\" srcset=\"http:\/\/www.torinodanzafestival.it\/wp-content\/uploads\/2025\/04\/head-td-interno-222.jpg 2500w, http:\/\/www.torinodanzafestival.it\/wp-content\/uploads\/2025\/04\/head-td-interno-222-300x48.jpg 300w, http:\/\/www.torinodanzafestival.it\/wp-content\/uploads\/2025\/04\/head-td-interno-222-768x123.jpg 768w, http:\/\/www.torinodanzafestival.it\/wp-content\/uploads\/2025\/04\/head-td-interno-222-1024x164.jpg 1024w, http:\/\/www.torinodanzafestival.it\/wp-content\/uploads\/2025\/04\/head-td-interno-222-600x96.jpg 600w, http:\/\/www.torinodanzafestival.it\/wp-content\/uploads\/2025\/04\/head-td-interno-222-1612x258.jpg 1612w, http:\/\/www.torinodanzafestival.it\/wp-content\/uploads\/2025\/04\/head-td-interno-222-1116x179.jpg 1116w, http:\/\/www.torinodanzafestival.it\/wp-content\/uploads\/2025\/04\/head-td-interno-222-806x129.jpg 806w, http:\/\/www.torinodanzafestival.it\/wp-content\/uploads\/2025\/04\/head-td-interno-222-558x89.jpg 558w, http:\/\/www.torinodanzafestival.it\/wp-content\/uploads\/2025\/04\/head-td-interno-222-655x105.jpg 655w\" sizes=\"auto, (max-width: 2500px) 100vw, 2500px\" \/><img loading=\"lazy\" decoding=\"async\" width=\"1500\" height=\"400\" src=\"http:\/\/www.torinodanzafestival.it\/wp-content\/uploads\/2025\/04\/head-td-interno.jpg\" class=\"ls-tn\" alt=\"\" srcset=\"http:\/\/www.torinodanzafestival.it\/wp-content\/uploads\/2025\/04\/head-td-interno.jpg 1500w, http:\/\/www.torinodanzafestival.it\/wp-content\/uploads\/2025\/04\/head-td-interno-300x80.jpg 300w, http:\/\/www.torinodanzafestival.it\/wp-content\/uploads\/2025\/04\/head-td-interno-768x205.jpg 768w, http:\/\/www.torinodanzafestival.it\/wp-content\/uploads\/2025\/04\/head-td-interno-1024x273.jpg 1024w, http:\/\/www.torinodanzafestival.it\/wp-content\/uploads\/2025\/04\/head-td-interno-600x160.jpg 600w, http:\/\/www.torinodanzafestival.it\/wp-content\/uploads\/2025\/04\/head-td-interno-1116x298.jpg 1116w, http:\/\/www.torinodanzafestival.it\/wp-content\/uploads\/2025\/04\/head-td-interno-806x215.jpg 806w, http:\/\/www.torinodanzafestival.it\/wp-content\/uploads\/2025\/04\/head-td-interno-558x149.jpg 558w, http:\/\/www.torinodanzafestival.it\/wp-content\/uploads\/2025\/04\/head-td-interno-655x175.jpg 655w\" sizes=\"auto, (max-width: 1500px) 100vw, 1500px\" \/><\/div><\/div>[\/vc_column_text][vc_separator][\/vc_column][\/vc_row][vc_row equal_height=&#8221;yes&#8221;][vc_column width=&#8221;1\/3&#8243;][\/vc_column][vc_column width=&#8221;1\/3&#8243;][vc_column_text css=&#8221;.vc_custom_1722345074947{margin-top: 0px !important;margin-bottom: 0px !important;padding-top: 0px !important;padding-bottom: 10px !important;}&#8221;]<\/p>\n<h3 style=\"text-align: center;\"><span style=\"font-size: 14pt;\"><span style=\"font-size: 24pt;\">TORINODANZA PLUS<\/span><em><br \/>\n<\/em><\/span><\/h3>\n<p>[\/vc_column_text][vc_column_text]<\/p>\n<p style=\"text-align: center;\"><em>Proiezioni, incontri e workshop<\/em><strong><br \/>\n<\/strong><\/p>\n<p>[\/vc_column_text][\/vc_column][vc_column width=&#8221;1\/3&#8243;][\/vc_column][\/vc_row][vc_row equal_height=&#8221;yes&#8221;][vc_column width=&#8221;1\/4&#8243;][vc_column_text]<\/p>\n<h3>ESPERIENZE<\/h3>\n<p><span style=\"font-family: Bebas Neue; font-size: 24pt;\">PISCINA MIRABILIS<\/span><br \/>\n<strong>Fonderie Limone &#8211; Sala Grande<\/strong><br \/>\n<strong>15, 22 settembre, 6, 13 ottobre 2024<br \/>\nore 10.30<br \/>\n<\/strong><span style=\"color: #f0051c;\"><em>#uno stato eternamente nascente<\/em><\/span><br \/>\n<span style=\"font-size: 10pt;\"><strong><em>progetto atmosferico 2022-24<\/em><\/strong><\/span><br \/>\n<span style=\"font-size: 10pt;\"><strong><em>in collaborazione con Triennale Milano e Istituto <\/em><\/strong><strong><em>di Alti Studi Coreografici spazio nomade <\/em><\/strong><strong><em>di ricerca concept Michele Di Stefano a cura di mk<\/em><\/strong><\/span><\/p>\n<p><strong>mk | music guests<\/strong><br \/>\n15 settembre 2024 Cristiano lo mele<br \/>\n22 settembre 2024 Federica Furlan<br \/>\n6 ottobre 2024 Max viale<br \/>\n13 ottobre 2024 Biagio caravano<\/p>\n<p>Un ambiente-performance che invita a cercare una connessione collettiva nel movimento, nella pura espressione dinamica. Piscina Mirabilis nasce dal desiderio di rivolgersi innanzitutto ad una vastissima e non esclusiva comunit\u00e0 di danzatori-danzatrici, performer, attori-attrici, atleti e atlete, corpi, figure e<br \/>\npersone il cui indirizzo \u00e8 quello di proiettarsi sulla scena, una scena che non necessariamente coincide con quella canonica dell\u2019attivit\u00e0 professionale di spettacolo. Ogni incontro \u00e8 accompagnato da musica dal vivo.[\/vc_column_text][vc_btn title=&#8221;acquista&#8221; link=&#8221;url:https%3A%2F%2Fteatrostabiletorino.vivaticket.it%2Fit%2Fevent%2Fpiscina-mirabilis%2F236492||target:%20_blank|&#8221;][\/vc_column][vc_column width=&#8221;1\/4&#8243;][vc_column_text]<\/p>\n<h3>SPETTACOLI<\/h3>\n<p><span style=\"font-family: Bebas Neue; font-size: 24pt;\">LA LUZ DE UN LAGO<\/span><br \/>\n<strong>Teatro Astra<\/strong><br \/>\n<strong>12 ottobre 2024 &#8211; ore 21.00<br \/>\n13 ottobre &#8211; ore 17.00<br \/>\n<span style=\"font-size: 10pt;\">ideazione e creazione\u00a0 <\/span><\/strong><strong><span style=\"font-size: 10pt;\">El Conde de Torrefiel<\/span><\/strong><br \/>\n<strong><span style=\"font-size: 10pt;\">testo e drammaturgia Tanya Beyeler<br \/>\ne Pablo Gisbert<\/span><\/strong><br \/>\n<strong><span style=\"font-size: 10pt;\">assistente drammaturgica Marta Azparren \/ <\/span><\/strong><strong><span style=\"font-size: 10pt;\">scenografia La Cuarta Piel, El Conde de Torrefiel, Mireia Donat Mel\u00fas \/ <\/span><\/strong><strong><span style=\"font-size: 10pt;\">design del suono Rebecca Praga, Uriel Irlanda \/ <\/span><\/strong><strong><span style=\"font-size: 10pt;\">disegno luci Manoly Rubio Garc\u00eda\/ Guillem Bonfill<\/span><\/strong><br \/>\n<strong><span style=\"font-size: 10pt;\"><em>CIELO DRIVE<\/em><\/span><\/strong><\/p>\n<p>Tra il 2011 e il 2023 El Conde de Torrefiel ha creato una variet\u00e0 di dispositivi performativi per diversi contesti in cui il suono ha acquisito un ruolo importante<br \/>\nnella costruzione drammaturgica dei brani. <em>La luz de un lago<\/em> \u00e8 il titolo di un nuovo lavoro teatrale strutturato sull\u2019uso dei suoni come strumenti per indagare le possibilit\u00e0 delle immagini al di l\u00e0 della loro portata materiale, plastica e visiva ed entrare in contatto con la capacit\u00e0 sensoriale dello spettatore.<br \/>\nPresenta<\/p>\n<p><strong><em>Presentato con Piemonte dal Vivo, in condivisione il Festival delle colline torinesi &#8211; Torino Creazione Contemporanea \/ Gli abbonati a Torinodanza Festival hanno diritto a un biglietto ridotto.<br \/>\n<\/em><\/strong>[\/vc_column_text][\/vc_column][vc_column width=&#8221;1\/4&#8243;][vc_column_text]<\/p>\n<h3>CINEMA<\/h3>\n<p><span style=\"font-family: Bebas Neue; font-size: 24pt;\">HOFESH SHECHTER<br \/>\nON THE SCREEN<\/span><br \/>\n<strong>Cinema Massimo<\/strong><br \/>\n<strong>20 ottobre 2024 &#8211; ore 16.00<br \/>\n<\/strong><em><br \/>\n<strong>POLITICAL MOTHER:<br \/>\nThe Final Cut (2022)<\/strong><br \/>\n<strong>regista, coreografo, compositore Hofesh Shechter \/ danzatori Jared Brown, Jack Butler, Chieh-Hann Chang<\/strong><br \/>\n<strong>Evelyn Hart, Charles Heinrich, Evelien Jansen \/ Rosalia Panepinto, Jill Goh Su-Jen, Niek Wagenaar<\/strong> \/ <strong>costumi Merle Hensel \/ designer video Shay Hamias<\/strong><br \/>\n<strong>Hofesh Shechter Company<\/strong><br \/>\n<\/em><\/p>\n<p>Girato durante la pandemia al Battersea Arts Centre, Shechter mette al centro della scena la straordinaria architettura del luogo, dall\u2019eleganza della Grand Hall,<br \/>\nagli spazi intimi e suggestivi, fino ai labirintici corridoi gotici, creando uno\u00a0 straordinario film e un pezzo di danza che \u00e8 allo stesso tempo emotivamente<br \/>\ncomplesso, fortemente significativo e teatralmente emozionante. Political Mother \u00e8 la creazione pi\u00f9 iconica di Hofesh Shechter, l\u2019opera che lo ha fatto conoscere nei teatri del mondo<em>.<\/em>[\/vc_column_text][\/vc_column][vc_column width=&#8221;1\/4&#8243;][vc_column_text]<strong>RETURN<\/strong><br \/>\n<strong>un film di Hofesh Shechter e Theaterhaus Stuttgart in associazione con Hofesh Shechter Company \/ <\/strong><strong>diretto da Hofesh Shechter \/ montaggio di Todd MacDonald con Hofesh Shechter \/ <\/strong><strong>coreografia, musica e scenografia Hofesh Shechter<\/strong><br \/>\n<strong>musiche aggiuntive J. S. Bach<\/strong><br \/>\nNon c\u2019\u00e8 modo migliore di celebrare l\u2019essere vivi che attraverso la lente della morte e Hofesh Shechter ambienta lo spettacolo in un obitorio. Il film include materiale girato tra le misteriose architetture industriali del sito Wizemann, molto vicino allo studio di prova della Gauthier Dance. Per la colonna sonora, Shechter\u00a0 si \u00e8 ispirato a un concerto di Johann Sebastian Bach.<\/p>\n<p><strong>LA VITA \u00c8 UNA DANZA<br \/>\n(titolo originale EN CORPS)<\/strong><br \/>\n<strong>Cinema Massimo\u00a0 | 20 Ottobre &#8211; ore 18.00<\/strong><br \/>\n<strong>di C\u00e9dric Klapisch, 2022<\/strong><br \/>\nOpera di fiction, racconta del riposo forzato di Elise interpretata da Marion Barbeau, prima ballerina dell\u2019Op\u00e9ra di Parigi. Tradita dal suo corpo e da chi ama, \u00e8 pronta a rinunciare e a seguire un\u2019amica e il suo compagno, cuochi itineranti, in Bretagna. Insieme preparano i pasti per una maison di artisti che ospita per una stagione il coreografo Hofesh Shechter e la sua compagnia. Tra legami vecchi e nuovi per la ragazza si delinea un nuovo orizzonte. Un nuovo ritmo, elettrico e tribale, ancorato alla terra e al territorio.[\/vc_column_text][\/vc_column][\/vc_row][vc_row equal_height=&#8221;yes&#8221;][vc_column][vc_zigzag el_border_width=&#8221;8&#8243; css=&#8221;.vc_custom_1594142233870{padding-top: 10px !important;}&#8221;][vc_column_text]<\/p>\n<p>[\/vc_column_text][\/vc_column][\/vc_row][vc_row][vc_column][vc_column_text][\/vc_column_text][\/vc_column][\/vc_row]<\/p>\n<\/div>","protected":false},"excerpt":{"rendered":"<p>[vc_row][vc_column][vc_column_text][\/vc_column_text][\/vc_column][\/vc_row][vc_row content_placement=&#8221;bottom&#8221;][vc_column][vc_column_text][\/vc_column_text][vc_separator][\/vc_column][\/vc_row][vc_row equal_height=&#8221;yes&#8221;][vc_column width=&#8221;1\/3&#8243;][\/vc_column][vc_column width=&#8221;1\/3&#8243;][vc_column_text css=&#8221;.vc_custom_1722345074947{margin-top: 0px !important;margin-bottom: 0px !important;padding-top: 0px !important;padding-bottom: 10px !important;}&#8221;] TORINODANZA PLUS [\/vc_column_text][vc_column_text] Proiezioni, incontri e workshop [\/vc_column_text][\/vc_column][vc_column width=&#8221;1\/3&#8243;][\/vc_column][\/vc_row][vc_row equal_height=&#8221;yes&#8221;][vc_column width=&#8221;1\/4&#8243;][vc_column_text] ESPERIENZE PISCINA MIRABILIS Fonderie Limone &#8211; Sala Grande 15, 22 settembre, 6, 13 ottobre 2024 ore 10.30 #uno stato eternamente nascente progetto atmosferico 2022-24 in collaborazione con Triennale Milano e&hellip;<\/p>\n","protected":false},"author":1,"featured_media":0,"parent":0,"menu_order":0,"comment_status":"closed","ping_status":"closed","template":"","meta":{"_acf_changed":false,"footnotes":""},"class_list":["post-11835","page","type-page","status-publish","hentry"],"acf":[],"_links":{"self":[{"href":"http:\/\/www.torinodanzafestival.it\/index.php?rest_route=\/wp\/v2\/pages\/11835","targetHints":{"allow":["GET"]}}],"collection":[{"href":"http:\/\/www.torinodanzafestival.it\/index.php?rest_route=\/wp\/v2\/pages"}],"about":[{"href":"http:\/\/www.torinodanzafestival.it\/index.php?rest_route=\/wp\/v2\/types\/page"}],"author":[{"embeddable":true,"href":"http:\/\/www.torinodanzafestival.it\/index.php?rest_route=\/wp\/v2\/users\/1"}],"replies":[{"embeddable":true,"href":"http:\/\/www.torinodanzafestival.it\/index.php?rest_route=%2Fwp%2Fv2%2Fcomments&post=11835"}],"version-history":[{"count":30,"href":"http:\/\/www.torinodanzafestival.it\/index.php?rest_route=\/wp\/v2\/pages\/11835\/revisions"}],"predecessor-version":[{"id":12816,"href":"http:\/\/www.torinodanzafestival.it\/index.php?rest_route=\/wp\/v2\/pages\/11835\/revisions\/12816"}],"wp:attachment":[{"href":"http:\/\/www.torinodanzafestival.it\/index.php?rest_route=%2Fwp%2Fv2%2Fmedia&parent=11835"}],"curies":[{"name":"wp","href":"https:\/\/api.w.org\/{rel}","templated":true}]}}