{"id":7024,"date":"2018-05-21T09:29:52","date_gmt":"2018-05-21T09:29:52","guid":{"rendered":"http:\/\/10.0.1.180\/?page_id=7024"},"modified":"2019-04-16T15:24:00","modified_gmt":"2019-04-16T15:24:00","slug":"informativa-sulla-privacy","status":"publish","type":"page","link":"http:\/\/www.torinodanzafestival.it\/?page_id=7024","title":{"rendered":"Informativa sulla privacy"},"content":{"rendered":"<p style=\"text-align: justify;\">Fondazione del Teatro Stabile di Torino, con sede legale in Via Rossini 12 Torino 10124 TO, P.IVA 08762960014 (in seguito, \u201cTitolare\u201d), in qualit\u00e0 di titolare del trattamento, La informa ai sensi dell\u2019art. 13 Regolamento UE n.2016\/679 (in seguito, \u201cGDPR\u201d) che i Suoi dati saranno trattati con le modalit\u00e0 e per le finalit\u00e0 seguenti:<br \/>\nLa presente Informativa viene resa per informarLa del trattamento dei Suoi dati personali.<\/p>\n<p style=\"text-align: justify;\"><strong>Indice<\/strong><br \/>\n1. Oggetto del trattamento<br \/>\n2. Finalit\u00e0 del trattamento<br \/>\n3. Modalit\u00e0 del trattamento<br \/>\n4. Accesso ai dati<br \/>\n5. Comunicazione dei dati<br \/>\n6. Trasferimento dei dati<br \/>\n7. Natura del conferimento dei Dati e conseguenze del rifiuto di rispondere<br \/>\n8. Diritti dell\u2019interessato<br \/>\n9. Modalit\u00e0 di esercizio dei diritti<br \/>\n10. Titolare<\/p>\n<p style=\"text-align: justify;\"><strong>1. Oggetto del Trattamento<\/strong><br \/>\nIl Titolare tratta i dati personali, identificativi (ad esempio, nome, cognome, ragione sociale, indirizzo, telefono, e-mail, riferimenti bancari e di pagamento \u2013 in seguito, \u201cdati personali\u201d o anche \u201cdati\u201d) da Lei comunicati in occasione della conclusione di contratti per i servizi del Titolare.<\/p>\n<p style=\"text-align: justify;\"><strong>2. Finalit\u00e0 del Trattamento<\/strong><br \/>\nI Suoi dati personali sono trattati:<br \/>\nA) Senza il Suo consenso espresso (art. 6 lett. b), e) GDPR), per le seguenti Finalit\u00e0 di Servizio:<\/p>\n<ul style=\"text-align: justify;\">\n<li>concludere i contratti per i servizi del Titolare;<\/li>\n<li>adempiere agli obblighi precontrattuali, contrattuali e fiscali derivanti da rapporti con Lei in essere;<\/li>\n<li>adempiere agli obblighi previsti dalla legge, da un regolamento, dalla normativa comunitaria o da un ordine dell\u2019Autorit\u00e0 (come ad esempio in materia di antiriciclaggio);<\/li>\n<li>esercitare i diritti del Titolare, ad esempio il diritto di difesa in giudizio;<\/li>\n<\/ul>\n<p style=\"text-align: justify;\">B) Solo previo Suo specifico e distinto consenso (art. 7 GDPR), per le seguenti Finalit\u00e0 di Marketing:<\/p>\n<ul style=\"text-align: justify;\">\n<li>inviarLe via e-mail, posta e\/o sms e\/o contatti telefonici, newsletter, comunicazioni commerciali e\/o materiale pubblicitario su prodotti o servizi offerti dal Titolare e rilevazione del grado di soddisfazione sulla qualit\u00e0 dei servizi; inviarLe via e-mail, posta e\/o sms e\/o contatti telefonici comunicazioni commerciali e\/o promozionali di soggetti terzi<\/li>\n<\/ul>\n<p style=\"text-align: justify;\"><strong> 3. Modalit\u00e0 di Trattamento<\/strong><br \/>\nIl trattamento dei Suoi dati personali \u00e8 realizzato per mezzo delle operazioni indicate all\u2019art. 4 n. 2) GDPR e precisamente: raccolta, registrazione, organizzazione, conservazione, consultazione, elaborazione, modificazione, selezione, estrazione, raffronto, utilizzo, interconnessione, blocco, comunicazione, cancellazione e distruzione dei dati. I Suoi dati personali sono sottoposti a trattamento sia cartaceo che elettronico e\/oautomatizzato. Il Titolare tratter\u00e0 i dati personali per il tempo necessario per adempiere alle finalit\u00e0 di cui sopra e comunque per non oltre 10 anni dalla cessazione del rapporto per le Finalit\u00e0 di Servizio e per non oltre 2 anni dalla raccolta dei dati per le Finalit\u00e0 di Marketing.<\/p>\n<p style=\"text-align: justify;\"><strong>4. Accesso ai Dati<\/strong><br \/>\nI Suoi dati potranno essere resi accessibili per le finalit\u00e0 di cui all\u2019art. 2.A) e 2.B):<\/p>\n<ul style=\"text-align: justify;\">\n<li>a dipendenti e collaboratori del Titolare o delle societ\u00e0 del Gruppo in Italia e all\u2019estero, nella loro qualit\u00e0 di incaricati e\/o responsabili interni del trattamento e\/o amministratori di sistema;<\/li>\n<li>a societ\u00e0 terze o altri soggetti (a titolo indicativo, istituti di credito, studi professionali, consulenti, societ\u00e0 di assicurazione per la prestazione di servizi assicurativi, etc.) che svolgono attivit\u00e0 in outsourcing per conto del Titolare, nella loro qualit\u00e0 di responsabili esterni del trattamento.<\/li>\n<\/ul>\n<p style=\"text-align: justify;\"><strong>5. Comunicazione dei Dati<\/strong><br \/>\nSenza la necessit\u00e0 di un espresso consenso (art. 6 lett. b) e c) GDPR), il Titolare potr\u00e0 comunicare i Suoi dati per le finalit\u00e0 di cui all\u2019art. 2.A) a Organismi di vigilanza, Autorit\u00e0 giudiziarie, a societ\u00e0 di assicurazione per la prestazione di servizi assicurativi, nonch\u00e9 a quei soggetti ai quali la comunicazione sia obbligatoria per legge per l\u2019espletamento delle finalit\u00e0 dette. Detti soggetti tratteranno i dati nella loro qualit\u00e0 di autonomi titolari del trattamento. I Suoi dati non saranno diffusi.<\/p>\n<p style=\"text-align: justify;\"><strong>6. Trasferimento Dati<\/strong><br \/>\nI dati personali sono conservati su server ubicati a Torino , all\u2019interno dell\u2019Unione Europea. Resta in ogni caso inteso che il Titolare, ove si rendesse necessario, avr\u00e0 facolt\u00e0 di spostare i server anche extra-UE. In tal caso, il Titolare assicura sin d\u2019ora che il trasferimento dei dati extra-UE avverr\u00e0 in conformit\u00e0 alle disposizioni di legge applicabili, previa stipula delle clausole contrattuali standard previste dalla Commissione Europea.<\/p>\n<p style=\"text-align: justify;\"><strong>7. Natura del conferimento dei Dati e conseguenze del rifiuto di rispondere<\/strong><br \/>\nIl conferimento dei dati per le finalit\u00e0 di cui all\u2019art. 2.A) \u00e8 obbligatorio. In loro assenza, non potremo garantirLe iServizi dell\u2019art. 2.A). Il conferimento dei dati per le finalit\u00e0 di cui all\u2019art. 2.B) \u00e8 invece facoltativo. Pu\u00f2 quindi decidere di non conferire alcun dato o di negare successivamente la possibilit\u00e0 di trattare dati gi\u00e0 forniti: in talcaso, non potr\u00e0 ricevere newsletter, comunicazioni commerciali e materiale pubblicitario inerenti ai Servizi offerti dal Titolare. Continuer\u00e0 comunque ad avere diritto ai Servizi di cui all\u2019art. 2.A).<\/p>\n<p style=\"text-align: justify;\"><strong>8. Diritti dell\u2019interessato<\/strong><br \/>\nNella Sua qualit\u00e0 di interessato, ha i diritti di cui all\u2019art. 15 GDPR e precisamente i diritti di:<\/p>\n<ul style=\"text-align: justify;\">\n<li>ottenere la conferma dell&#8217;esistenza o meno di dati personali che La riguardano, anche se non ancora registrati, e la loro comunicazione in forma intelligibile;<\/li>\n<li>ottenere l&#8217;indicazione: a) dell&#8217;origine dei dati personali; b) delle finalit\u00e0 e modalit\u00e0 del trattamento; c) della logica applicata in caso di trattamento effettuato con l&#8217;ausilio di strumenti elettronici; d) degli estremi identificativi del titolare, dei responsabili e del rappresentante designato ai sensi dell&#8217; art. 3, comma 1, GDPR; e) dei soggetti o delle categorie di soggetti ai quali i dati personali possono essere comunicati o che possono venirne a conoscenza in qualit\u00e0 di rappresentante designato nel territorio dello Stato, di responsabili o incaricati;<\/li>\n<li>ottenere: a) l&#8217;aggiornamento, la rettificazione ovvero, quando vi ha interesse, l&#8217;integrazione dei dati; b) la cancellazione, la trasformazione in forma anonima o il blocco dei dati trattati in violazione di legge, compresi quelli di cui non \u00e8 necessaria la conservazione in relazione agli scopi per i quali i dati sono stati raccolti o successivamente trattati; c) l&#8217;attestazione che le operazioni di cui alle lettere a) e b) sono state portate a conoscenza, anche per quanto riguarda il loro contenuto, di coloro ai quali i dati sono stati comunicati o diffusi, eccettuato il caso in cui tale adempimento si rivela impossibile o comporta un impiego di mezzi manifestamente sproporzionato rispetto al diritto tutelato;<\/li>\n<li>opporsi, in tutto o in parte: a) per motivi legittimi al trattamento dei dati personali che La riguardano, ancorch\u00e9 pertinenti allo scopo della raccolta; b) al trattamento di dati personali che La riguardano a fini di invio di materiale pubblicitario o di vendita diretta o per il compimento di ricerche di mercato o di comunicazione commerciale, mediante l\u2019uso di sistemi automatizzati di chiamata senza l\u2019intervento di un operatore mediante e-mail e\/o mediante modalit\u00e0 di marketing tradizionali mediante telefono e\/o posta cartacea. Si fa presente che il diritto di opposizione dell\u2019interessato, esposto al precedente punto b), per finalit\u00e0 di marketing diretto mediante modalit\u00e0 automatizzate si estende a quelle tradizionali e che comunque resta salva la possibilit\u00e0 per<br \/>\nl\u2019interessato di esercitare il diritto di opposizione anche solo in parte. Pertanto, l\u2019interessato pu\u00f2 decidere di ricevere solo comunicazioni mediante modalit\u00e0 tradizionali ovvero solo comunicazioni automatizzate oppure nessuna delle due tipologie di comunicazione.<\/li>\n<\/ul>\n<p style=\"text-align: justify;\">Ove applicabili, ha altres\u00ec i diritti di cui agli artt. 16-21 GDPR (Diritto di rettifica, diritto all\u2019oblio, diritto di limitazione di trattamento, diritto alla portabilit\u00e0 dei dati, diritto di opposizione), nonch\u00e9 il diritto di reclamo all\u2019Autorit\u00e0 Garante.<\/p>\n<p style=\"text-align: justify;\"><strong>9. Modalit\u00e0 di esercizio dei diritti<\/strong><br \/>\nPotr\u00e0 in qualsiasi momento esercitare i diritti inviando:<\/p>\n<ul style=\"text-align: justify;\">\n<li>una raccomandata a.r. a Fondazione del Teatro Stabile di Torino in Via Rossini 12 Torino 10124 (TO);<\/li>\n<li>una e-mail all\u2019indirizzo privacy@teatrostabiletorino.it<\/li>\n<li>collegandosi al sito www.teatrostabiletorino.it<\/li>\n<\/ul>\n<p style=\"text-align: justify;\"><strong>10. Titolare<\/strong><br \/>\nIl Titolare del trattamento \u00e8 La Fondazione del Teatro Stabile di Torino con sede legale e sede operativa presso<br \/>\nFondazione del Teatro Stabile di Torino in Via Rossini 12 Torino 10124 (TO)<\/p>\n<p style=\"text-align: justify;\">L\u2019elenco aggiornato dei responsabili del trattamento \u00e8 custodito presso la sede legale del Titolare del trattamento.<\/p>\n<p style=\"text-align: justify;\"><strong>\u00a0<\/strong><\/p>\n","protected":false},"excerpt":{"rendered":"<p>Fondazione del Teatro Stabile di Torino, con sede legale in Via Rossini 12 Torino 10124 TO, P.IVA 08762960014 (in seguito, \u201cTitolare\u201d), in qualit\u00e0 di titolare del trattamento, La informa ai sensi dell\u2019art. 13 Regolamento UE n.2016\/679 (in seguito, \u201cGDPR\u201d) che i Suoi dati saranno trattati con le modalit\u00e0 e per le finalit\u00e0 seguenti: La presente&hellip;<\/p>\n","protected":false},"author":1,"featured_media":0,"parent":0,"menu_order":0,"comment_status":"closed","ping_status":"closed","template":"","meta":{"_acf_changed":false,"footnotes":""},"class_list":["post-7024","page","type-page","status-publish","hentry"],"acf":[],"_links":{"self":[{"href":"http:\/\/www.torinodanzafestival.it\/index.php?rest_route=\/wp\/v2\/pages\/7024","targetHints":{"allow":["GET"]}}],"collection":[{"href":"http:\/\/www.torinodanzafestival.it\/index.php?rest_route=\/wp\/v2\/pages"}],"about":[{"href":"http:\/\/www.torinodanzafestival.it\/index.php?rest_route=\/wp\/v2\/types\/page"}],"author":[{"embeddable":true,"href":"http:\/\/www.torinodanzafestival.it\/index.php?rest_route=\/wp\/v2\/users\/1"}],"replies":[{"embeddable":true,"href":"http:\/\/www.torinodanzafestival.it\/index.php?rest_route=%2Fwp%2Fv2%2Fcomments&post=7024"}],"version-history":[{"count":2,"href":"http:\/\/www.torinodanzafestival.it\/index.php?rest_route=\/wp\/v2\/pages\/7024\/revisions"}],"predecessor-version":[{"id":8333,"href":"http:\/\/www.torinodanzafestival.it\/index.php?rest_route=\/wp\/v2\/pages\/7024\/revisions\/8333"}],"wp:attachment":[{"href":"http:\/\/www.torinodanzafestival.it\/index.php?rest_route=%2Fwp%2Fv2%2Fmedia&parent=7024"}],"curies":[{"name":"wp","href":"https:\/\/api.w.org\/{rel}","templated":true}]}}