{"id":13744,"date":"2026-04-20T14:18:05","date_gmt":"2026-04-20T14:18:05","guid":{"rendered":"https:\/\/www.torinodanzafestival.it\/?page_id=13744"},"modified":"2026-05-04T16:16:03","modified_gmt":"2026-05-04T16:16:03","slug":"ticket-2","status":"publish","type":"page","link":"https:\/\/www.torinodanzafestival.it\/?page_id=13744","title":{"rendered":"TD EXTRA 2026\/27"},"content":{"rendered":"<div class=\"wpb-content-wrapper\"><p>[vc_row content_placement=&#8221;bottom&#8221;][vc_column][vc_column_text]<div id=\"layerslider_2_1uid6bommgcn4\"  class=\"ls-wp-container fitvidsignore ls-selectable\" style=\"width:1280px;height:350px;margin:0 auto;margin-bottom: 0px;\"><div class=\"ls-slide\" data-ls=\"bgposition:50% 100%;transition2d:14;\"><img loading=\"lazy\" decoding=\"async\" width=\"2500\" height=\"400\" src=\"https:\/\/www.torinodanzafestival.it\/wp-content\/uploads\/2026\/04\/head_2026_2.jpg\" class=\"ls-bg\" alt=\"\" srcset=\"https:\/\/www.torinodanzafestival.it\/wp-content\/uploads\/2026\/04\/head_2026_2.jpg 2500w, https:\/\/www.torinodanzafestival.it\/wp-content\/uploads\/2026\/04\/head_2026_2-300x48.jpg 300w, https:\/\/www.torinodanzafestival.it\/wp-content\/uploads\/2026\/04\/head_2026_2-1024x164.jpg 1024w, https:\/\/www.torinodanzafestival.it\/wp-content\/uploads\/2026\/04\/head_2026_2-768x123.jpg 768w, https:\/\/www.torinodanzafestival.it\/wp-content\/uploads\/2026\/04\/head_2026_2-600x96.jpg 600w, https:\/\/www.torinodanzafestival.it\/wp-content\/uploads\/2026\/04\/head_2026_2-1536x246.jpg 1536w, https:\/\/www.torinodanzafestival.it\/wp-content\/uploads\/2026\/04\/head_2026_2-2048x328.jpg 2048w\" sizes=\"auto, (max-width: 2500px) 100vw, 2500px\" \/><img loading=\"lazy\" decoding=\"async\" width=\"2500\" height=\"400\" src=\"https:\/\/www.torinodanzafestival.it\/wp-content\/uploads\/2026\/04\/head_2026.jpg\" class=\"ls-tn\" alt=\"\" srcset=\"https:\/\/www.torinodanzafestival.it\/wp-content\/uploads\/2026\/04\/head_2026.jpg 2500w, https:\/\/www.torinodanzafestival.it\/wp-content\/uploads\/2026\/04\/head_2026-300x48.jpg 300w, https:\/\/www.torinodanzafestival.it\/wp-content\/uploads\/2026\/04\/head_2026-1024x164.jpg 1024w, https:\/\/www.torinodanzafestival.it\/wp-content\/uploads\/2026\/04\/head_2026-768x123.jpg 768w, https:\/\/www.torinodanzafestival.it\/wp-content\/uploads\/2026\/04\/head_2026-600x96.jpg 600w, https:\/\/www.torinodanzafestival.it\/wp-content\/uploads\/2026\/04\/head_2026-1536x246.jpg 1536w, https:\/\/www.torinodanzafestival.it\/wp-content\/uploads\/2026\/04\/head_2026-2048x328.jpg 2048w\" sizes=\"auto, (max-width: 2500px) 100vw, 2500px\" \/><\/div><\/div>[\/vc_column_text][\/vc_column][\/vc_row][vc_row full_width=&#8221;stretch_row&#8221; equal_height=&#8221;yes&#8221; css=&#8221;.vc_custom_1681829058168{background-color: #f4f4f4 !important;}&#8221;][vc_column][vc_column_text css=&#8221;&#8221;]<\/p>\n<h2 style=\"text-align: left;\">TORINODANZA EXTRA<\/h2>\n<p>[\/vc_column_text][vc_row_inner][vc_column_inner width=&#8221;1\/3&#8243;][vc_column_text css=&#8221;&#8221;]<span style=\"font-size: 17px;\"><strong>Per la terza stagione Torinodanza EXTRA mette in dialogo danza e teatro, realizzando un intreccio di proposte che creano continuit\u00e0 tra il festival e la stagione di prosa del Teatro Stabile di Torino. <\/strong><strong>Appuntamenti che si inseriscono virtuosamente nel calendario dello Stabile, valorizzando il carattere multidisciplinare, <\/strong><strong>contemporaneo e internazionale di una proposta culturale condivisa.\u00a0<\/strong><\/span><\/p>\n<p><em>Gli spettacolo saranno acquistabili all&#8217;interno del cartellone della stagione 2026\/27 del Teatro Stabile di Torino\u00a0<\/em>[\/vc_column_text][\/vc_column_inner][vc_column_inner width=&#8221;1\/3&#8243;][vc_single_image image=&#8221;13758&#8243; img_size=&#8221;medium&#8221; css=&#8221;&#8221;][vc_column_text css=&#8221;&#8221;]<\/p>\n<h2><span style=\"font-size: 19px;\">TEATRO CARIGNANO \/ 16 Luglio 2026 ORE 21.00<\/span><\/h2>\n<p><strong>SUSANNA EGRI: IL CENTENARIO<br \/>\n<em>con la Compagnia EgriBiancoDanza<\/em><\/strong><br \/>\n<strong><em>Istantanee &#8211; coreografia Susanna Egri<br \/>\nCantata profana : Il Cervo Fatato &#8211; coreografia Raphael Bianco<br \/>\nBrides of Gods (prima assoluta) &#8211; coreografia Raphael Bianco<br \/>\nLa volont\u00e0 del mare &#8211; scritto e diretto da Giorgio Ferrero<br \/>\n<\/em><\/strong>Nel 2026 la Fondazione Egri &#8211; Centro di Rilevante Interesse per la Danza celebra il centenario di Susanna Egri, pioniera della danza moderna e figura centrale della cultura italiana, ancora oggi attiva a Torino come docente e coreografa. Un anniversario che diventa manifesto artistico, capace di intrecciare memoria e contemporaneit\u00e0 e di valorizzare il dialogo tra generazioni.[\/vc_column_text][\/vc_column_inner][vc_column_inner width=&#8221;1\/3&#8243;][vc_single_image image=&#8221;13757&#8243; img_size=&#8221;medium&#8221; css=&#8221;&#8221;][vc_column_text css=&#8221;&#8221;]<\/p>\n<h2><span style=\"font-size: 19px;\">TEATRO CARIGNANO \/ 8 &#8211; 10 gennaio 2027<\/span><\/h2>\n<p><strong>MAY B<br \/>\n<\/strong><em><strong>coreografia Maguy Marin<\/strong><br \/>\n<strong>con Ulises Alvarez, Kais Chouibi, Laura Frigato, Florence Girardon,<\/strong><br \/>\n<strong>Daphn\u00e9 Koutsafti, Johana Moaligou, Pierre Pontvianne,<\/strong><br \/>\n<strong>Ennio Sammarco, Marcelo Sepulveda Rossel, V\u00e9ronique Teindas<\/strong><br \/>\n<strong>Compagnia Maguy Marin, Maison des Arts et de la Culture de Cr\u00e9teil<\/strong><br \/>\n<\/em><em>May B<\/em> traduce in movimento la condizione umana alla deriva e lo fa attraverso un linguaggio teatrale crudo, che trasforma il ridicolo, il violento e l\u2019angoscioso in situazioni. Sul palcoscenico del Carignano lo spettacolo che ha mostrato la forza della danza e la sua capacit\u00e0 di rappresentare il mistero della nostra presenza nel mondo.[\/vc_column_text][\/vc_column_inner][\/vc_row_inner][\/vc_column][\/vc_row][vc_row css=&#8221;.vc_custom_1776695052380{background-color: #FFFFFF !important;}&#8221;][vc_column][vc_separator][vc_row_inner content_placement=&#8221;top&#8221; css=&#8221;.vc_custom_1776695067961{background-color: #FFFFFF !important;}&#8221;][vc_column_inner width=&#8221;1\/3&#8243;][vc_single_image image=&#8221;13755&#8243; img_size=&#8221;medium&#8221; css=&#8221;&#8221;][vc_column_text css=&#8221;&#8221;]<\/p>\n<h2><span style=\"font-size: 19px;\">TEATRO CARIGNANO \/ <\/span><span style=\"font-size: 19px;\">4 \u2013 9 maggio 2027<\/span><\/h2>\n<p><strong>RENDEZ-VOUS<\/strong><br \/>\n<strong><em>di e con Victoria Thierr\u00e9e -Chaplin, Jean-Baptiste Thierr\u00e9e,<\/em><\/strong><br \/>\n<strong><em>Aur\u00e9lia Thierr\u00e9e , James Thierr\u00e9e<\/em><\/strong><br \/>\n<strong><em>regia Jean-Baptiste Thierr\u00e9e<\/em><\/strong><br \/>\n<em><strong>Le Compagnie du Hanneton<br \/>\n<\/strong><\/em>Victoria, Jean-Baptiste, Aur\u00e9lia e James Thierr\u00e9e aprono il loro<br \/>\nalbum e rivisitano frammenti dei loro spettacoli passati, nel corso di una traversata onirica. Una storia intima di circo, teatro e music-hall. Una storia di famiglia.[\/vc_column_text][\/vc_column_inner][vc_column_inner width=&#8221;1\/3&#8243;][vc_single_image image=&#8221;13756&#8243; img_size=&#8221;medium&#8221; css=&#8221;&#8221;][vc_column_text css=&#8221;&#8221;]<\/p>\n<h2><span style=\"font-size: 19px;\">TEATRO CARIGNANO \/ 11 \u2013 12 maggio 2027<\/span><\/h2>\n<p><strong>THE LAST HAMLET<\/strong><br \/>\n<strong><em>con Miguel Altunaga, Ben Duke, Hannah Hulford<\/em><\/strong><br \/>\n<strong><em>ideato e diretto da Ben Duke<\/em><\/strong><br \/>\n<strong><em>Lost Dog<br \/>\n<\/em><\/strong>Dopo aver scoperto che il suo spettacolo \u00e8 stato cancellato, Amleto sale sul palco per cercare di convincerci a concedergli una tregua. Uno spettacolo del talento visionario Ben Duke, che reinterpreta Amleto in chiave personale e frammentata, mescolando danza, teatro e narrazione autobiografica.[\/vc_column_text][\/vc_column_inner][vc_column_inner width=&#8221;1\/3&#8243;][vc_single_image image=&#8221;13754&#8243; img_size=&#8221;medium&#8221; css=&#8221;&#8221;][vc_column_text css=&#8221;&#8221;]<\/p>\n<h2><span style=\"font-size: 19px;\">TEATRO CARIGNANO \/ 14 maggio 2027<\/span><\/h2>\n<p><strong>R.OSA &#8211; 10 esercizi per nuovi virtuosismi<\/strong><\/p>\n<h2><span style=\"font-size: 19px;\">15 maggio 2027<\/span><\/h2>\n<p><strong>GRACES. <\/strong><\/p>\n<h2><span style=\"font-size: 19px;\">15 maggio 2027<\/span><\/h2>\n<p><strong>GRAND JET\u00c9<\/strong><br \/>\nZebra<\/p>\n<p>Una \u201cpersonale\u201d dedicata a Silvia Gribaudi, coreografa e artista associata al Teatro Stabile di Torino e a Le Gymnase di Roubaix, che presenta tre spettacoli in cui corpo, ironia e relazione con il pubblico si intrecciano in una ricerca coreografica contemporanea, tra danza e teatro.[\/vc_column_text][\/vc_column_inner][\/vc_row_inner][\/vc_column][\/vc_row][vc_row][vc_column][vc_column_text css=&#8221;&#8221;]La serata dedicata a Susanna Egri \u00e8 fuori abbonamento ed \u00e8 acquistabile al prezzo di \u20ac 20.00 e di \u20ac 15.00 per abbonati, under35, over65, AmiciTST.<br \/>\nGli spettacoli MAY B, RENDEZ-VOUS, THE LAST HAMLET e il Focus dedicato a Silvia Gribaudi sono inseriti nella stagione 2026\/27 del Teatro Stabile di Torino e saranno in vendita, singolarmente o in abbonamento, a partire da giugno 2026.[\/vc_column_text][\/vc_column][\/vc_row]<\/p>\n<\/div>","protected":false},"excerpt":{"rendered":"<p>[vc_row content_placement=&#8221;bottom&#8221;][vc_column][vc_column_text][\/vc_column_text][\/vc_column][\/vc_row][vc_row full_width=&#8221;stretch_row&#8221; equal_height=&#8221;yes&#8221; css=&#8221;.vc_custom_1681829058168{background-color: #f4f4f4 !important;}&#8221;][vc_column][vc_column_text css=&#8221;&#8221;] TORINODANZA EXTRA [\/vc_column_text][vc_row_inner][vc_column_inner width=&#8221;1\/3&#8243;][vc_column_text css=&#8221;&#8221;]Per la terza stagione Torinodanza EXTRA mette in dialogo danza e teatro, realizzando un intreccio di proposte che creano continuit\u00e0 tra il festival e la stagione di prosa del Teatro Stabile di Torino. Appuntamenti che si inseriscono virtuosamente nel calendario dello Stabile, valorizzando&hellip;<\/p>\n","protected":false},"author":1,"featured_media":0,"parent":0,"menu_order":0,"comment_status":"closed","ping_status":"closed","template":"","meta":{"_acf_changed":false,"footnotes":""},"class_list":["post-13744","page","type-page","status-publish","hentry"],"acf":[],"_links":{"self":[{"href":"https:\/\/www.torinodanzafestival.it\/index.php?rest_route=\/wp\/v2\/pages\/13744","targetHints":{"allow":["GET"]}}],"collection":[{"href":"https:\/\/www.torinodanzafestival.it\/index.php?rest_route=\/wp\/v2\/pages"}],"about":[{"href":"https:\/\/www.torinodanzafestival.it\/index.php?rest_route=\/wp\/v2\/types\/page"}],"author":[{"embeddable":true,"href":"https:\/\/www.torinodanzafestival.it\/index.php?rest_route=\/wp\/v2\/users\/1"}],"replies":[{"embeddable":true,"href":"https:\/\/www.torinodanzafestival.it\/index.php?rest_route=%2Fwp%2Fv2%2Fcomments&post=13744"}],"version-history":[{"count":22,"href":"https:\/\/www.torinodanzafestival.it\/index.php?rest_route=\/wp\/v2\/pages\/13744\/revisions"}],"predecessor-version":[{"id":14058,"href":"https:\/\/www.torinodanzafestival.it\/index.php?rest_route=\/wp\/v2\/pages\/13744\/revisions\/14058"}],"wp:attachment":[{"href":"https:\/\/www.torinodanzafestival.it\/index.php?rest_route=%2Fwp%2Fv2%2Fmedia&parent=13744"}],"curies":[{"name":"wp","href":"https:\/\/api.w.org\/{rel}","templated":true}]}}