{"id":13950,"date":"2026-04-27T15:56:38","date_gmt":"2026-04-27T15:56:38","guid":{"rendered":"https:\/\/www.torinodanzafestival.it\/?page_id=13950"},"modified":"2026-04-27T16:01:16","modified_gmt":"2026-04-27T16:01:16","slug":"edizione-2020","status":"publish","type":"page","link":"https:\/\/www.torinodanzafestival.it\/?page_id=13950","title":{"rendered":"Edizione 2026"},"content":{"rendered":"<div class=\"wpb-content-wrapper\"><p>[vc_row content_placement=&#8221;bottom&#8221;][vc_column][vc_column_text]<div id=\"layerslider_2_1043mhka2j9ja\"  class=\"ls-wp-container fitvidsignore ls-selectable\" style=\"width:1280px;height:350px;margin:0 auto;margin-bottom: 0px;\"><div class=\"ls-slide\" data-ls=\"bgposition:50% 100%;transition2d:14;\"><img loading=\"lazy\" decoding=\"async\" width=\"2500\" height=\"400\" src=\"https:\/\/www.torinodanzafestival.it\/wp-content\/uploads\/2026\/04\/head_2026_2.jpg\" class=\"ls-bg\" alt=\"\" srcset=\"https:\/\/www.torinodanzafestival.it\/wp-content\/uploads\/2026\/04\/head_2026_2.jpg 2500w, https:\/\/www.torinodanzafestival.it\/wp-content\/uploads\/2026\/04\/head_2026_2-300x48.jpg 300w, https:\/\/www.torinodanzafestival.it\/wp-content\/uploads\/2026\/04\/head_2026_2-1024x164.jpg 1024w, https:\/\/www.torinodanzafestival.it\/wp-content\/uploads\/2026\/04\/head_2026_2-768x123.jpg 768w, https:\/\/www.torinodanzafestival.it\/wp-content\/uploads\/2026\/04\/head_2026_2-600x96.jpg 600w, https:\/\/www.torinodanzafestival.it\/wp-content\/uploads\/2026\/04\/head_2026_2-1536x246.jpg 1536w, https:\/\/www.torinodanzafestival.it\/wp-content\/uploads\/2026\/04\/head_2026_2-2048x328.jpg 2048w\" sizes=\"auto, (max-width: 2500px) 100vw, 2500px\" \/><img loading=\"lazy\" decoding=\"async\" width=\"2500\" height=\"400\" src=\"https:\/\/www.torinodanzafestival.it\/wp-content\/uploads\/2026\/04\/head_2026.jpg\" class=\"ls-tn\" alt=\"\" srcset=\"https:\/\/www.torinodanzafestival.it\/wp-content\/uploads\/2026\/04\/head_2026.jpg 2500w, https:\/\/www.torinodanzafestival.it\/wp-content\/uploads\/2026\/04\/head_2026-300x48.jpg 300w, https:\/\/www.torinodanzafestival.it\/wp-content\/uploads\/2026\/04\/head_2026-1024x164.jpg 1024w, https:\/\/www.torinodanzafestival.it\/wp-content\/uploads\/2026\/04\/head_2026-768x123.jpg 768w, https:\/\/www.torinodanzafestival.it\/wp-content\/uploads\/2026\/04\/head_2026-600x96.jpg 600w, https:\/\/www.torinodanzafestival.it\/wp-content\/uploads\/2026\/04\/head_2026-1536x246.jpg 1536w, https:\/\/www.torinodanzafestival.it\/wp-content\/uploads\/2026\/04\/head_2026-2048x328.jpg 2048w\" sizes=\"auto, (max-width: 2500px) 100vw, 2500px\" \/><\/div><\/div>[\/vc_column_text][vc_separator][\/vc_column][\/vc_row][vc_row equal_height=&#8221;yes&#8221;][vc_column width=&#8221;1\/4&#8243;][vc_column_text]<strong>Anna Cremonini<\/strong><br \/>\n<em>Direttrice artistica Torinodanza Festival<\/em>[\/vc_column_text][vc_column_text css=&#8221;.vc_custom_1777301877971{margin-top: 0px !important;margin-bottom: 0px !important;padding-top: 0px !important;padding-bottom: 10px !important;}&#8221;]<\/p>\n<h2>DANCE MATTERS<br \/>\n<em>LA DANZA \u00c8 IMPORTANTE<\/em><\/h2>\n<p>[\/vc_column_text][vc_column_text css=&#8221;&#8221;]\u00a9 Prince Gyasi, <em>The Process II,<\/em> (2025), courtesy of MA\u00c2T Gallery[\/vc_column_text][\/vc_column][vc_column width=&#8221;1\/2&#8243;][vc_column_text css=&#8221;&#8221;]<span style=\"font-size: 19px; font-family: Bebas Neue; color: #fa1616;\">Un festival \u00e8 una creatura viva e come tale si modifica nel tempo e assume forme e dinamiche diverse. Torinodanza \u00e8 riconosciuto e seguito; \u00e8 EXTRA nel suo articolarsi lungo tutto l\u2019anno; \u00e8 luogo di spettacolo ma anche di riflessione, esperienze e di relazioni internazionali. Cuore pulsante \u00e8 la programmazione autunnale che nell\u2019edizione 2026 si configura come una vera e propria geografia del movimento, in cui le compagnie, provenienti da Europa, America e Asia, delineano una mappa di estetiche che dialogano tra tradizione, sperimentazione, riflessioni sul presente e sguardi sul mondo.<\/span><\/p>\n<p style=\"text-align: justify;\">In questi anni ho imparato molto grazie alle persone e alle istituzioni che mi hanno accompagnato. Dal Teatro Stabile di Torino che cura con passione e dedizione l\u2019organizzazione del festival e dalla Citt\u00e0 di Torino che comprende il valore che una manifestazione internazionale restituisce alla comunit\u00e0.<br \/>\nDal nostro principale sostenitore, Fondazione Compagnia di San Paolo ho appreso l\u2019importanza del lavoro di tessitura di collaborazioni per creare uno spirito solidale che arricchisce e rende migliore la societ\u00e0 intera. Intesa Sanpaolo mi ricorda ogni anno il privilegio di avere accanto uno sponsor prestigioso che guarda alla citt\u00e0 in tutte le sue declinazioni. Dalla Regione Piemonte giungono ogni anno nuove sollecitazioni che rendono pi\u00f9 aperto il respiro del festival. Sono grata alla Citt\u00e0 di Moncalieri per il meraviglioso spazio delle Fonderie Limone. Infine il Ministero della Cultura, che ci invita a pensare linee artistiche sempre nuove.<br \/>\nGrazie ad un\u2019inattesa donazione privata, ho apprezzato la generosit\u00e0 di una scelta cos\u00ec rara e come tale estremamente preziosa. Fondamentale \u00e8 anche il confronto con compagnie, artisti, istituzioni che grazie a dialoghi costanti, segnano ogni nuova edizione. Cito con piacere Fondazione per la Cultura Torino con MITO SettembreMusica, Fondazione Piemonte dal Vivo con la Lavanderia a Vapore di Collegno &#8211; Centro di residenza per la danza, Associazione Mosaico Danza con Festival Interplay, Fondazione TPE con Festival delle Colline Torinesi, Orsolina28 Art Foundation.<br \/>\nIl 2026 \u00e8 un anno speciale per la danza nel nostro territorio grazie alla NID &#8211; New Italian Dance Platform che anticipa il Festival: un appuntamento ineludibile che riunisce l\u2019intero sistema della danza nazionale ed internazionale.<\/p>\n<p><strong>Anna Cremonini<\/strong><br \/>\n<em>direttrice artistica Torinodanza Festival<\/em>[\/vc_column_text][\/vc_column][vc_column width=&#8221;1\/4&#8243;][\/vc_column][\/vc_row]<\/p>\n<\/div>","protected":false},"excerpt":{"rendered":"<p>[vc_row content_placement=&#8221;bottom&#8221;][vc_column][vc_column_text][\/vc_column_text][vc_separator][\/vc_column][\/vc_row][vc_row equal_height=&#8221;yes&#8221;][vc_column width=&#8221;1\/4&#8243;][vc_column_text]Anna Cremonini Direttrice artistica Torinodanza Festival[\/vc_column_text][vc_column_text css=&#8221;.vc_custom_1777301877971{margin-top: 0px !important;margin-bottom: 0px !important;padding-top: 0px !important;padding-bottom: 10px !important;}&#8221;] DANCE MATTERS LA DANZA \u00c8 IMPORTANTE [\/vc_column_text][vc_column_text css=&#8221;&#8221;]\u00a9 Prince Gyasi, The Process II, (2025), courtesy of MA\u00c2T Gallery[\/vc_column_text][\/vc_column][vc_column width=&#8221;1\/2&#8243;][vc_column_text css=&#8221;&#8221;]Un festival \u00e8 una creatura viva e come tale si modifica nel tempo e assume forme e dinamiche&hellip;<\/p>\n","protected":false},"author":1,"featured_media":0,"parent":0,"menu_order":0,"comment_status":"closed","ping_status":"closed","template":"","meta":{"_acf_changed":false,"footnotes":""},"class_list":["post-13950","page","type-page","status-publish","hentry"],"acf":[],"_links":{"self":[{"href":"https:\/\/www.torinodanzafestival.it\/index.php?rest_route=\/wp\/v2\/pages\/13950","targetHints":{"allow":["GET"]}}],"collection":[{"href":"https:\/\/www.torinodanzafestival.it\/index.php?rest_route=\/wp\/v2\/pages"}],"about":[{"href":"https:\/\/www.torinodanzafestival.it\/index.php?rest_route=\/wp\/v2\/types\/page"}],"author":[{"embeddable":true,"href":"https:\/\/www.torinodanzafestival.it\/index.php?rest_route=\/wp\/v2\/users\/1"}],"replies":[{"embeddable":true,"href":"https:\/\/www.torinodanzafestival.it\/index.php?rest_route=%2Fwp%2Fv2%2Fcomments&post=13950"}],"version-history":[{"count":9,"href":"https:\/\/www.torinodanzafestival.it\/index.php?rest_route=\/wp\/v2\/pages\/13950\/revisions"}],"predecessor-version":[{"id":13960,"href":"https:\/\/www.torinodanzafestival.it\/index.php?rest_route=\/wp\/v2\/pages\/13950\/revisions\/13960"}],"wp:attachment":[{"href":"https:\/\/www.torinodanzafestival.it\/index.php?rest_route=%2Fwp%2Fv2%2Fmedia&parent=13950"}],"curies":[{"name":"wp","href":"https:\/\/api.w.org\/{rel}","templated":true}]}}