{"id":6097,"date":"2018-02-23T11:51:41","date_gmt":"2018-02-23T11:51:41","guid":{"rendered":"http:\/\/10.0.1.180\/?page_id=6097"},"modified":"2025-09-03T14:21:38","modified_gmt":"2025-09-03T14:21:38","slug":"ticket","status":"publish","type":"page","link":"https:\/\/www.torinodanzafestival.it\/?page_id=6097","title":{"rendered":"Tickets"},"content":{"rendered":"<div class=\"wpb-content-wrapper\"><p>[vc_row content_placement=&#8221;bottom&#8221;][vc_column][vc_column_text]<div id=\"layerslider_2_1jrsdxlnt40ka\"  class=\"ls-wp-container fitvidsignore ls-selectable\" style=\"width:1280px;height:350px;margin:0 auto;margin-bottom: 0px;\"><div class=\"ls-slide\" data-ls=\"bgposition:50% 100%;transition2d:14;\"><img loading=\"lazy\" decoding=\"async\" width=\"2500\" height=\"400\" src=\"https:\/\/www.torinodanzafestival.it\/wp-content\/uploads\/2025\/04\/head-td-interno-222.jpg\" class=\"ls-bg\" alt=\"\" srcset=\"https:\/\/www.torinodanzafestival.it\/wp-content\/uploads\/2025\/04\/head-td-interno-222.jpg 2500w, https:\/\/www.torinodanzafestival.it\/wp-content\/uploads\/2025\/04\/head-td-interno-222-300x48.jpg 300w, https:\/\/www.torinodanzafestival.it\/wp-content\/uploads\/2025\/04\/head-td-interno-222-768x123.jpg 768w, https:\/\/www.torinodanzafestival.it\/wp-content\/uploads\/2025\/04\/head-td-interno-222-1024x164.jpg 1024w, https:\/\/www.torinodanzafestival.it\/wp-content\/uploads\/2025\/04\/head-td-interno-222-600x96.jpg 600w, https:\/\/www.torinodanzafestival.it\/wp-content\/uploads\/2025\/04\/head-td-interno-222-1612x258.jpg 1612w, https:\/\/www.torinodanzafestival.it\/wp-content\/uploads\/2025\/04\/head-td-interno-222-1116x179.jpg 1116w, https:\/\/www.torinodanzafestival.it\/wp-content\/uploads\/2025\/04\/head-td-interno-222-806x129.jpg 806w, https:\/\/www.torinodanzafestival.it\/wp-content\/uploads\/2025\/04\/head-td-interno-222-558x89.jpg 558w, https:\/\/www.torinodanzafestival.it\/wp-content\/uploads\/2025\/04\/head-td-interno-222-655x105.jpg 655w\" sizes=\"auto, (max-width: 2500px) 100vw, 2500px\" \/><img loading=\"lazy\" decoding=\"async\" width=\"1500\" height=\"400\" src=\"https:\/\/www.torinodanzafestival.it\/wp-content\/uploads\/2025\/04\/head-td-interno.jpg\" class=\"ls-tn\" alt=\"\" srcset=\"https:\/\/www.torinodanzafestival.it\/wp-content\/uploads\/2025\/04\/head-td-interno.jpg 1500w, https:\/\/www.torinodanzafestival.it\/wp-content\/uploads\/2025\/04\/head-td-interno-300x80.jpg 300w, https:\/\/www.torinodanzafestival.it\/wp-content\/uploads\/2025\/04\/head-td-interno-768x205.jpg 768w, https:\/\/www.torinodanzafestival.it\/wp-content\/uploads\/2025\/04\/head-td-interno-1024x273.jpg 1024w, https:\/\/www.torinodanzafestival.it\/wp-content\/uploads\/2025\/04\/head-td-interno-600x160.jpg 600w, https:\/\/www.torinodanzafestival.it\/wp-content\/uploads\/2025\/04\/head-td-interno-1116x298.jpg 1116w, https:\/\/www.torinodanzafestival.it\/wp-content\/uploads\/2025\/04\/head-td-interno-806x215.jpg 806w, https:\/\/www.torinodanzafestival.it\/wp-content\/uploads\/2025\/04\/head-td-interno-558x149.jpg 558w, https:\/\/www.torinodanzafestival.it\/wp-content\/uploads\/2025\/04\/head-td-interno-655x175.jpg 655w\" sizes=\"auto, (max-width: 1500px) 100vw, 1500px\" \/><\/div><div class=\"ls-slide\" data-ls=\"bgposition:50% 100%;transition2d:11;\"><img loading=\"lazy\" decoding=\"async\" width=\"2500\" height=\"400\" src=\"https:\/\/www.torinodanzafestival.it\/wp-content\/uploads\/2025\/04\/head-td-interno-222.jpg\" class=\"ls-bg\" alt=\"\" srcset=\"https:\/\/www.torinodanzafestival.it\/wp-content\/uploads\/2025\/04\/head-td-interno-222.jpg 2500w, https:\/\/www.torinodanzafestival.it\/wp-content\/uploads\/2025\/04\/head-td-interno-222-300x48.jpg 300w, https:\/\/www.torinodanzafestival.it\/wp-content\/uploads\/2025\/04\/head-td-interno-222-768x123.jpg 768w, https:\/\/www.torinodanzafestival.it\/wp-content\/uploads\/2025\/04\/head-td-interno-222-1024x164.jpg 1024w, https:\/\/www.torinodanzafestival.it\/wp-content\/uploads\/2025\/04\/head-td-interno-222-600x96.jpg 600w, https:\/\/www.torinodanzafestival.it\/wp-content\/uploads\/2025\/04\/head-td-interno-222-1612x258.jpg 1612w, https:\/\/www.torinodanzafestival.it\/wp-content\/uploads\/2025\/04\/head-td-interno-222-1116x179.jpg 1116w, https:\/\/www.torinodanzafestival.it\/wp-content\/uploads\/2025\/04\/head-td-interno-222-806x129.jpg 806w, https:\/\/www.torinodanzafestival.it\/wp-content\/uploads\/2025\/04\/head-td-interno-222-558x89.jpg 558w, https:\/\/www.torinodanzafestival.it\/wp-content\/uploads\/2025\/04\/head-td-interno-222-655x105.jpg 655w\" sizes=\"auto, (max-width: 2500px) 100vw, 2500px\" \/><img loading=\"lazy\" decoding=\"async\" width=\"1500\" height=\"400\" src=\"https:\/\/www.torinodanzafestival.it\/wp-content\/uploads\/2025\/04\/head-td-interno.jpg\" class=\"ls-tn\" alt=\"\" srcset=\"https:\/\/www.torinodanzafestival.it\/wp-content\/uploads\/2025\/04\/head-td-interno.jpg 1500w, https:\/\/www.torinodanzafestival.it\/wp-content\/uploads\/2025\/04\/head-td-interno-300x80.jpg 300w, https:\/\/www.torinodanzafestival.it\/wp-content\/uploads\/2025\/04\/head-td-interno-768x205.jpg 768w, https:\/\/www.torinodanzafestival.it\/wp-content\/uploads\/2025\/04\/head-td-interno-1024x273.jpg 1024w, https:\/\/www.torinodanzafestival.it\/wp-content\/uploads\/2025\/04\/head-td-interno-600x160.jpg 600w, https:\/\/www.torinodanzafestival.it\/wp-content\/uploads\/2025\/04\/head-td-interno-1116x298.jpg 1116w, https:\/\/www.torinodanzafestival.it\/wp-content\/uploads\/2025\/04\/head-td-interno-806x215.jpg 806w, https:\/\/www.torinodanzafestival.it\/wp-content\/uploads\/2025\/04\/head-td-interno-558x149.jpg 558w, https:\/\/www.torinodanzafestival.it\/wp-content\/uploads\/2025\/04\/head-td-interno-655x175.jpg 655w\" sizes=\"auto, (max-width: 1500px) 100vw, 1500px\" \/><\/div><\/div>[\/vc_column_text][\/vc_column][\/vc_row][vc_row full_width=&#8221;stretch_row&#8221; equal_height=&#8221;yes&#8221; css=&#8221;.vc_custom_1681829058168{background-color: #f4f4f4 !important;}&#8221;][vc_column][vc_column_text]<\/p>\n<h2 style=\"text-align: left;\">biglietteria<\/h2>\n<p>[\/vc_column_text][vc_row_inner][vc_column_inner width=&#8221;1\/4&#8243;][vc_column_text]<strong>BIGLIETTERIA<br \/>\nTEATRO STABILE DI TORINO<\/strong><br \/>\nc\\o Teatro Carignano (piazza Carignano, 6 &#8211; Torino), Tel 011 5169555 &#8211; Num. Verde 800 235 333, biglietteria@teatrostabiletorino.it<br \/>\nOrario: da marted\u00ec a sabato, dalle ore 13 alle ore 19, domenica dalle ore 14 alle ore 19. Le casse di tutte le sedi del festival saranno sempre attive un\u2019ora prima dell\u2019inizio di ogni spettacolo.[\/vc_column_text][\/vc_column_inner][vc_column_inner width=&#8221;1\/4&#8243;][vc_column_text]<strong>BIGLIETTERIA<br \/>\nMITO SETTEMBREMUSICA<br \/>\n<\/strong>Dal 21 maggio al 20 settembre sar\u00e0 possibile acquistare i biglietti del festival anche presso: Biglietteria MITO SettembreMusica c\\o Urban Lab, in piazza Palazzo di Citt\u00e0 8\/f Torino | Tel. 011 01124777 | orario: da marted\u00ec a sabato, dalle 10.30 alle 18[\/vc_column_text][\/vc_column_inner][vc_column_inner width=&#8221;1\/4&#8243;][vc_column_text]<strong>APP<br \/>\n<\/strong>Attraverso l\u2019App del Festival \u00e8 possibile acquistare facilmente i biglietti senza un secondo login, scegliendo manualmente il posto sulla pianta di ogni sala o sfruttando l\u2019opzione \u201cposti migliori\u201d. L\u2019App \u201cTorinodanza\u201d \u00e8 scaricabile gratuitamente da Play Store (Android) e App Store (Iphone).[\/vc_column_text][\/vc_column_inner][vc_column_inner width=&#8221;1\/4&#8243;][vc_column_text css=&#8221;.vc_custom_1746780604756{margin-bottom: 5px !important;}&#8221;]<\/p>\n<h1><span style=\"font-size: 24pt;\"><span style=\"font-family: Bebas Neue;\">ACQUISTA ONLINE<\/span><\/span><\/h1>\n<p>[\/vc_column_text][vc_column_text]Visita subito il nostro store per acquistare biglietti e abbonamenti.[\/vc_column_text][vc_btn title=&#8221;vai allo store&#8221; color=&#8221;juicy-pink&#8221; i_icon_fontawesome=&#8221;fa fa-shopping-cart&#8221; add_icon=&#8221;true&#8221; link=&#8221;url:https%3A%2F%2Fteatrostabiletorino.vivaticket.it%2Fit%2Fstagione%2Ftorino-danza||target:%20_blank|&#8221;][\/vc_column_inner][\/vc_row_inner][\/vc_column][\/vc_row][vc_row full_width=&#8221;stretch_row&#8221; equal_height=&#8221;yes&#8221; css=&#8221;.vc_custom_1682587362921{background-color: #f9f9f9 !important;}&#8221;][vc_column][vc_column_text css=&#8221;.vc_custom_1716541091333{margin-top: 10px !important;}&#8221;]<\/p>\n<h2 style=\"text-align: left;\">biglietti singolI<\/h2>\n<p>[\/vc_column_text][vc_row_inner][vc_column_inner width=&#8221;1\/5&#8243;][vc_column_text]<span style=\"font-size: 12pt;\"><strong><span style=\"color: #f50a2d;\">DELAY THE SADNESS | T\u00c9MOIN | BRING YOUR OWN | \u00c0 LA CARTE | CHRONIQUES<\/span><\/strong><\/span><\/p>\n<ul>\n<li><strong>Intero <\/strong>\u20ac 25,00*<\/li>\n<li><strong>Ridotto<\/strong> \u20ac 22,00 (Amici del TST\/over65)<\/li>\n<li><strong>Pocket <\/strong>\u20ac 14,00<\/li>\n<li><strong>Under 14<\/strong> \u20ac 7,00<\/li>\n<\/ul>\n<p>[\/vc_column_text][\/vc_column_inner][vc_column_inner width=&#8221;1\/5&#8243;][vc_column_text]<span style=\"font-size: 12pt;\"><strong><span style=\"color: #f50a2d;\">LANDLESS | CHOTTO DESH<\/span><\/strong><\/span><\/p>\n<ul>\n<li><strong>Intero <\/strong>\u20ac 20,00*<\/li>\n<li><strong>Ridotto<\/strong> \u20ac 17,00 (Amici del TST\/over65)<\/li>\n<li><strong>Pocket<\/strong> \u20ac 12,00<\/li>\n<li><strong>Under 14<\/strong> \u20ac 7,00<\/li>\n<\/ul>\n<p>[\/vc_column_text][\/vc_column_inner][vc_column_inner width=&#8221;1\/5&#8243;][vc_column_text]<span style=\"font-size: 12pt;\"><strong><span style=\"color: #f50a2d;\">FUTURI | NYUMBANI | RISE | PUPO | GIOCASTA | ABRACADABRA<\/span><\/strong><\/span><\/p>\n<ul>\n<li><strong>Intero <\/strong>\u20ac 15,00*<\/li>\n<li><strong>Ridotto<\/strong> \u20ac 12,00<span style=\"font-size: 8pt;\"> (Amici del TST\/over65)<\/span><\/li>\n<li><strong>Pocket<\/strong> \u20ac 10,00<\/li>\n<li><strong>Under 14<\/strong> \u20ac 7,00<\/li>\n<\/ul>\n<p>[\/vc_column_text][\/vc_column_inner][vc_column_inner width=&#8221;1\/5&#8243;][vc_column_text]<span style=\"font-size: 12pt;\"><strong><span style=\"color: #f50a2d;\">PISCINA MIRABILIS<br \/>\n<\/span><\/strong><strong>Prezzo<\/strong>\u00a0 \u20ac 7,00*<\/span>[\/vc_column_text][vc_column_text]<span style=\"font-size: 12pt;\"><span style=\"color: #f50a2d;\"><strong>SHORT STORIES + SKRIK + WEIRDO<\/strong><br \/>\n<\/span><strong>Prezzo<\/strong> \u20ac 10,00*<\/span>[\/vc_column_text][\/vc_column_inner][vc_column_inner width=&#8221;1\/5&#8243;][vc_column_text]<\/p>\n<p style=\"text-align: left;\"><strong>BIGLIETTI DIGITALI<\/strong><br \/>\nTutti i biglietti acquistati online sono leggibili dai nostri lettori direttamente dai vostri cellulari, quindi non \u00e8 necessario stamparli.<br \/>\nChi preferisce acquistare biglietti e abbonamenti in biglietteria. pu\u00f2 chiedere di ricevere il biglietto digitale via email.<\/p>\n<p>[\/vc_column_text][\/vc_column_inner][\/vc_row_inner][\/vc_column][\/vc_row][vc_row full_width=&#8221;stretch_row&#8221; equal_height=&#8221;yes&#8221; css=&#8221;.vc_custom_1681999212205{background-color: #ffffff !important;}&#8221;][vc_column][vc_column_text css=&#8221;.vc_custom_1681828280309{padding-top: 10px !important;}&#8221;]<\/p>\n<h2 style=\"text-align: left;\">ABBONAMENTI<\/h2>\n<p>[\/vc_column_text][vc_row_inner][vc_column_inner width=&#8221;1\/6&#8243;][vc_single_image image=&#8221;11818&#8243; img_size=&#8221;250&#215;250&#8243; alignment=&#8221;center&#8221;][vc_column_text]<strong><span style=\"color: #f50a2d;\">ABBONAMENTO<br \/>\nFESTIVAL PASS<\/span><\/strong><br \/>\n<span style=\"color: #f50a2d;\">valido per tutti gli spettacoli del festival fatta eccezione per Piscina Mirabilis<\/span><\/p>\n<p><span style=\"color: #000000;\">\u20ac 112,00*<\/span><span style=\"color: #000000;\"><br \/>\n<\/span>[\/vc_column_text][vc_btn title=&#8221;acquista online&#8221; color=&#8221;juicy-pink&#8221; i_icon_fontawesome=&#8221;fa fa-shopping-cart&#8221; add_icon=&#8221;true&#8221; link=&#8221;url:https%3A%2F%2Fteatrostabiletorino.vivaticket.it%2Fit%2Fevent%2Fabbonamento-festival-pass%2F266951||target:%20_blank|&#8221;][\/vc_column_inner][vc_column_inner width=&#8221;1\/6&#8243;][vc_single_image image=&#8221;11816&#8243; img_size=&#8221;250&#215;250&#8243; alignment=&#8221;center&#8221;][vc_column_text]<span style=\"color: #f50a2d;\"><strong>ABBONAMENTO<br \/>\n<\/strong><\/span><span style=\"color: #f50a2d;\">10 SPETTACOLI<\/span><strong><br \/>\n<\/strong><\/p>\n<p><span style=\"color: #000000;\">Intero \u20ac 115,00<\/span><br \/>\n<span style=\"color: #000000;\">online \u20ac 95,00*<\/span>[\/vc_column_text][vc_btn title=&#8221;acquista online&#8221; color=&#8221;juicy-pink&#8221; i_icon_fontawesome=&#8221;fa fa-shopping-cart&#8221; add_icon=&#8221;true&#8221; link=&#8221;url:https%3A%2F%2Fteatrostabiletorino.vivaticket.it%2Fit%2Fevent%2Fabbonamento-10-spettacoli%2F266948||target:%20_blank|&#8221;][\/vc_column_inner][vc_column_inner width=&#8221;1\/6&#8243;][vc_single_image image=&#8221;11815&#8243; img_size=&#8221;250&#215;250&#8243; alignment=&#8221;center&#8221;][vc_column_text]<strong><span style=\"color: #f50a2d;\">ABBONAMENTO<br \/>\n<\/span><\/strong><span style=\"color: #f50a2d;\">6 SPETTACOLI<\/span><strong><br \/>\n<\/strong><\/p>\n<p><span style=\"color: #000000;\">Intero \u20ac 75,00<br \/>\nonline \u20ac 65,00*<\/span>[\/vc_column_text][vc_btn title=&#8221;acquista online&#8221; color=&#8221;juicy-pink&#8221; i_icon_fontawesome=&#8221;fa fa-shopping-cart&#8221; add_icon=&#8221;true&#8221; link=&#8221;url:https%3A%2F%2Fteatrostabiletorino.vivaticket.it%2Fit%2Fevent%2Fabbonamento-6-spettacoli-a-scelta%2F266950||target:%20_blank|&#8221;][\/vc_column_inner][vc_column_inner width=&#8221;1\/6&#8243;][vc_single_image image=&#8221;11814&#8243; img_size=&#8221;250&#215;250&#8243; alignment=&#8221;center&#8221;][vc_column_text]<span style=\"color: #f50a2d;\"><strong>ABBONAMENTO<br \/>\n<\/strong><\/span><span style=\"color: #f50a2d;\">3 SPETTACOLI<\/span><strong><br \/>\n<\/strong><\/p>\n<p><span style=\"color: #000000;\">Intero \u20ac 45,00<br \/>\nonline \u20ac 40,00*<br \/>\n<span style=\"color: #333333;\">Ridotto \u20ac 36,00 <\/span><br \/>\n<span style=\"color: #333333;\">online \u20ac 32,00*<\/span> (per Abbonati TST, under25, over65)<br \/>\n<\/span>[\/vc_column_text][vc_btn title=&#8221;acquista online&#8221; color=&#8221;juicy-pink&#8221; i_icon_fontawesome=&#8221;fa fa-shopping-cart&#8221; add_icon=&#8221;true&#8221; link=&#8221;url:https%3A%2F%2Fteatrostabiletorino.vivaticket.it%2Fit%2Fevent%2Fabbonamento-10-spettacoli%2F266948||target:%20_blank|&#8221;][\/vc_column_inner][vc_column_inner width=&#8221;1\/6&#8243;][vc_single_image image=&#8221;11819&#8243; img_size=&#8221;250&#215;250&#8243; alignment=&#8221;center&#8221;][vc_column_text]<span style=\"color: #f50a2d;\"><strong>ABBONAMENTO UNDER35<br \/>\n<\/strong>5 spettacoli<\/span><\/p>\n<p><span style=\"color: #000000;\">\u20ac 50,00<br \/>\nonline \u20ac 50,00*<\/span>[\/vc_column_text][vc_btn title=&#8221;acquista online&#8221; color=&#8221;juicy-pink&#8221; i_icon_fontawesome=&#8221;fa fa-shopping-cart&#8221; add_icon=&#8221;true&#8221; link=&#8221;url:https%3A%2F%2Fteatrostabiletorino.vivaticket.it%2Fit%2Fevent%2Fabbonamento-speciale-under-35%2F266952||target:%20_blank|&#8221;][\/vc_column_inner][vc_column_inner width=&#8221;1\/6&#8243;][vc_single_image image=&#8221;11817&#8243; img_size=&#8221;250&#215;250&#8243; alignment=&#8221;center&#8221;][vc_column_text]<strong><span style=\"color: #ff0019;\">DANZIAMO<br \/>\n(4 spettacoli)<\/span><br \/>\n<\/strong><\/p>\n<p><span style=\"color: #000000;\">\u20ac 70,00 \/ online \u20ac 65,00*<\/span><\/p>\n<p><em>Carnet da utilizzare per 4 titoli diversi o per assistere a uno spettacolo in compagnia dei propri amici<\/em>[\/vc_column_text][vc_btn title=&#8221;acquista online&#8221; color=&#8221;juicy-pink&#8221; i_icon_fontawesome=&#8221;fa fa-shopping-cart&#8221; add_icon=&#8221;true&#8221; link=&#8221;url:https%3A%2F%2Fteatrostabiletorino.vivaticket.it%2Fit%2Fevent%2Fcarnet-danziamo%2F266956||target:%20_blank|&#8221;][\/vc_column_inner][\/vc_row_inner][\/vc_column][\/vc_row][vc_row equal_height=&#8221;yes&#8221;][vc_column][vc_separator][\/vc_column][\/vc_row][vc_row equal_height=&#8221;yes&#8221;][vc_column width=&#8221;1\/3&#8243;][vc_column_text]<\/p>\n<h3 style=\"text-align: left;\">Accessibilit\u00c1<\/h3>\n<p>[\/vc_column_text][vc_column_text]Tutte le sedi di spettacolo sono prive di barriere architettoniche. I parcheggi disabili pi\u00f9 vicini al Teatro Carignano, al grattacielo Intesa SanPaolo e alla Casa del Teatro Ragazzi e Giovani sono consultabili sul sito gtt.to.it\/cms\/parcheggi\/sosta\/stalli-disabili, mentre le Fonderie Limone Moncalieri sono dotate<br \/>\ndi un parcheggio interno con due aree di sosta riservate. Le persone con disabilit\u00e0 possono richiedere un biglietto ridotto e, coloro che ne hanno diritto, potranno gratuitamente portare con s\u00e9 un accompagnatore. Chiediamo gentilmente che le persone in sedia a rotelle prenotino il proprio posto inviando una email a<br \/>\nbiglietteria@teatrostabiletorino.it.[\/vc_column_text][vc_column_text]<\/p>\n<h3 style=\"text-align: left;\">SCUOLE E GRUPPI<\/h3>\n<p>[\/vc_column_text][vc_column_text]Per i gruppi organizzati e per le classi provenienti dalle scuole di danza o di teatro sono previste delle tariffe agevolate. Per informazioni e prenotazioni \u00e8 possibile scrivere a promozione@teatrostabiletorino.it[\/vc_column_text][vc_column_text]<\/p>\n<h3 style=\"text-align: left;\">CONVENZIONI<\/h3>\n<p>[\/vc_column_text][vc_column_text]I possessori di un biglietto ITALO da o per Torino in una data di viaggio precedente e\/o successiva (max. 5 giorni) alla data dello spettacolo, hanno diritto al biglietto ridotto. Per ottenere la riduzione sar\u00e0 necessario esibire in biglietteria la propria carta d\u2019identit\u00e0 e il biglietto di viaggio.<br \/>\nI clienti Intesa Sanpaolo hanno diritto al biglietto ridotto per lo spettacolo in programma al grattacielo.[\/vc_column_text][\/vc_column][vc_column width=&#8221;1\/3&#8243;][vc_column_text]<\/p>\n<h3 style=\"text-align: left;\">LE SEDI DEL FESTIVAL<\/h3>\n<p>[\/vc_column_text][vc_column_text]TEATRO CARIGNANO<br \/>\npiazza Carignano, 6 &#8211; Torino<br \/>\nFONDERIE LIMONE MONCALIERI<br \/>\n<em>via Pastrengo, 88 &#8211; Moncalieri (TO)<\/em><br \/>\nGRATTACIELO INTESA SANPAOLO<br \/>\ncorso Inghilterra, 3 &#8211; Torino<br \/>\nCASA TEATRO RAGAZZI E GIOVANI<br \/>\ncorso Galileo Ferraris, 266\/c &#8211; Torino[\/vc_column_text][vc_column_text]<\/p>\n<h3 style=\"text-align: left;\">TRASPORTI<br \/>\nMOBILIT\u00e0 SOSTENIBILE<\/h3>\n<p>[\/vc_column_text][vc_column_text]<strong>Teatro Carignano<\/strong><br \/>\nlinee 7, 13, 15, 55, 56 (Fermata Piazza Castello) e 4, 11, 58, 72 (Fermata Piazza Bertola)<br \/>\n<strong>Grattacielo Intesa San Paolo:<\/strong><br \/>\nlinea STAR1 (fermata Cavalli) e 9, 55, 68 (fermata Palagiustizia), Metropolitana (fermata Porta Susa \u2013 uscita corso Inghilterra)<br \/>\n<strong>Teatro Ragazzi e Giovani:<\/strong><br \/>\nlinea n. 17 (fermata Unione Sovietica) e linee 4 e 92 (fermata Sebastopoli)<br \/>\n<em>Teatro Carignano, Grattacielo Intesa San Paolo e Teatro Ragazzi <\/em><em>e Giovani sono all\u2019interno dell\u2019area di copertura di tutti servizi <\/em><em>di sharing mobility.<\/em><br \/>\n<strong>Fonderie Limone di Moncalieri:<br \/>\n<\/strong>linee 35, 39, 81, 82 e linea 2 della Ferrovia, Metropolitana (fermata Moncalieri Sangone). <em>Nell\u2019area sono inoltre attivi i servizi di sharing mobility Bird, Dott e Link.<\/em>[\/vc_column_text][\/vc_column][vc_column width=&#8221;1\/3&#8243;][vc_column_text]<\/p>\n<h3 style=\"text-align: left;\">SERVIZIO NAVETTA<\/h3>\n<p>[\/vc_column_text][vc_column_text]Per gli spettacoli in programma alle Fonderie Limone, sar\u00e0 predisposta una navetta, che effettuer\u00e0 una corsa 30 minuti prima dello spettacolo dalla fermata della metropolitana Bengasi. Il servizio \u00e8 garantito anche per il rientro, sempre verso la fermata Bengasi. Il servizio \u00e8 gratuito ma \u00e8 obbligatorio prenotarsi ed il numero dei posti \u00e8 limitato. Le prenotazioni si effettuano sul sito torinodanzafestival.it nelle pagine dedicate ai singoli spettacoli oppure sulla <a href=\"http:\/\/booking.teatrostabiletorino.it\/index.php\/2022\/09\/05\/navetta-torinodanza-festival\/\" target=\"_blank\" rel=\"noopener\">piattaforma di prenotazione del TST<\/a>.\u00a0 Nei pressi di ogni teatro sono presenti rastrelliere per le biciclette.[\/vc_column_text][vc_empty_space height=&#8221;10px&#8221;][vc_column_text]<strong><span style=\"font-family: Sofia Sans; font-size: 12pt;\">Tutte le formule pocket sono riservate agli spettatori under35, agli abbonati a \u201cUn posto per tutti\u201d e ai residenti di Moncalieri.<\/span><\/strong><br \/>\n<strong><span style=\"font-family: Sofia Sans; font-size: 12pt;\">* a tutti gli acquisti online vengono applicate delle commissioni<\/span><\/strong><br \/>\n<strong><span style=\"font-family: Sofia Sans; font-size: 12pt;\">** All\u2019ingresso del teatro potr\u00e0 essere richiesta l\u2019esibizione del documento che d\u00e0 diritto alla riduzione. Eventuali irregolarit\u00e0 comporteranno il pagamento<\/span><\/strong><br \/>\n<strong><span style=\"font-family: Sofia Sans; font-size: 12pt;\">della differenza.<\/span><\/strong><\/p>\n<p><strong><span style=\"font-family: Sofia Sans; font-size: 12pt;\">Il biglietto ridotto \u00e8 disponibile per Amici del TST, over65, convenzione Italo.<\/span><\/strong>[\/vc_column_text][\/vc_column][\/vc_row]<\/p>\n<\/div>","protected":false},"excerpt":{"rendered":"<p>[vc_row content_placement=&#8221;bottom&#8221;][vc_column][vc_column_text][\/vc_column_text][\/vc_column][\/vc_row][vc_row full_width=&#8221;stretch_row&#8221; equal_height=&#8221;yes&#8221; css=&#8221;.vc_custom_1681829058168{background-color: #f4f4f4 !important;}&#8221;][vc_column][vc_column_text] biglietteria [\/vc_column_text][vc_row_inner][vc_column_inner width=&#8221;1\/4&#8243;][vc_column_text]BIGLIETTERIA TEATRO STABILE DI TORINO c\\o Teatro Carignano (piazza Carignano, 6 &#8211; Torino), Tel 011 5169555 &#8211; Num. Verde 800 235 333, biglietteria@teatrostabiletorino.it Orario: da marted\u00ec a sabato, dalle ore 13 alle ore 19, domenica dalle ore 14 alle ore 19. Le casse di tutte le&hellip;<\/p>\n","protected":false},"author":1,"featured_media":0,"parent":0,"menu_order":0,"comment_status":"closed","ping_status":"closed","template":"","meta":{"_acf_changed":false,"footnotes":""},"class_list":["post-6097","page","type-page","status-publish","hentry"],"acf":[],"_links":{"self":[{"href":"https:\/\/www.torinodanzafestival.it\/index.php?rest_route=\/wp\/v2\/pages\/6097","targetHints":{"allow":["GET"]}}],"collection":[{"href":"https:\/\/www.torinodanzafestival.it\/index.php?rest_route=\/wp\/v2\/pages"}],"about":[{"href":"https:\/\/www.torinodanzafestival.it\/index.php?rest_route=\/wp\/v2\/types\/page"}],"author":[{"embeddable":true,"href":"https:\/\/www.torinodanzafestival.it\/index.php?rest_route=\/wp\/v2\/users\/1"}],"replies":[{"embeddable":true,"href":"https:\/\/www.torinodanzafestival.it\/index.php?rest_route=%2Fwp%2Fv2%2Fcomments&post=6097"}],"version-history":[{"count":309,"href":"https:\/\/www.torinodanzafestival.it\/index.php?rest_route=\/wp\/v2\/pages\/6097\/revisions"}],"predecessor-version":[{"id":13527,"href":"https:\/\/www.torinodanzafestival.it\/index.php?rest_route=\/wp\/v2\/pages\/6097\/revisions\/13527"}],"wp:attachment":[{"href":"https:\/\/www.torinodanzafestival.it\/index.php?rest_route=%2Fwp%2Fv2%2Fmedia&parent=6097"}],"curies":[{"name":"wp","href":"https:\/\/api.w.org\/{rel}","templated":true}]}}