{"id":9243,"date":"2020-07-08T12:33:38","date_gmt":"2020-07-08T12:33:38","guid":{"rendered":"http:\/\/10.0.1.180\/?page_id=9243"},"modified":"2025-05-07T11:23:00","modified_gmt":"2025-05-07T11:23:00","slug":"edizione-2020","status":"publish","type":"page","link":"https:\/\/www.torinodanzafestival.it\/?page_id=9243","title":{"rendered":"Edizione 2025"},"content":{"rendered":"<div class=\"wpb-content-wrapper\"><p>[vc_row content_placement=&#8221;bottom&#8221;][vc_column][vc_column_text]<div id=\"layerslider_2_1a3ugiw6r1868\"  class=\"ls-wp-container fitvidsignore ls-selectable\" style=\"width:1280px;height:350px;margin:0 auto;margin-bottom: 0px;\"><div class=\"ls-slide\" data-ls=\"bgposition:50% 100%;transition2d:14;\"><img loading=\"lazy\" decoding=\"async\" width=\"2500\" height=\"400\" src=\"https:\/\/www.torinodanzafestival.it\/wp-content\/uploads\/2025\/04\/head-td-interno-222.jpg\" class=\"ls-bg\" alt=\"\" srcset=\"https:\/\/www.torinodanzafestival.it\/wp-content\/uploads\/2025\/04\/head-td-interno-222.jpg 2500w, https:\/\/www.torinodanzafestival.it\/wp-content\/uploads\/2025\/04\/head-td-interno-222-300x48.jpg 300w, https:\/\/www.torinodanzafestival.it\/wp-content\/uploads\/2025\/04\/head-td-interno-222-768x123.jpg 768w, https:\/\/www.torinodanzafestival.it\/wp-content\/uploads\/2025\/04\/head-td-interno-222-1024x164.jpg 1024w, https:\/\/www.torinodanzafestival.it\/wp-content\/uploads\/2025\/04\/head-td-interno-222-600x96.jpg 600w, https:\/\/www.torinodanzafestival.it\/wp-content\/uploads\/2025\/04\/head-td-interno-222-1612x258.jpg 1612w, https:\/\/www.torinodanzafestival.it\/wp-content\/uploads\/2025\/04\/head-td-interno-222-1116x179.jpg 1116w, https:\/\/www.torinodanzafestival.it\/wp-content\/uploads\/2025\/04\/head-td-interno-222-806x129.jpg 806w, https:\/\/www.torinodanzafestival.it\/wp-content\/uploads\/2025\/04\/head-td-interno-222-558x89.jpg 558w, https:\/\/www.torinodanzafestival.it\/wp-content\/uploads\/2025\/04\/head-td-interno-222-655x105.jpg 655w\" sizes=\"auto, (max-width: 2500px) 100vw, 2500px\" \/><img loading=\"lazy\" decoding=\"async\" width=\"1500\" height=\"400\" src=\"https:\/\/www.torinodanzafestival.it\/wp-content\/uploads\/2025\/04\/head-td-interno.jpg\" class=\"ls-tn\" alt=\"\" srcset=\"https:\/\/www.torinodanzafestival.it\/wp-content\/uploads\/2025\/04\/head-td-interno.jpg 1500w, https:\/\/www.torinodanzafestival.it\/wp-content\/uploads\/2025\/04\/head-td-interno-300x80.jpg 300w, https:\/\/www.torinodanzafestival.it\/wp-content\/uploads\/2025\/04\/head-td-interno-768x205.jpg 768w, https:\/\/www.torinodanzafestival.it\/wp-content\/uploads\/2025\/04\/head-td-interno-1024x273.jpg 1024w, https:\/\/www.torinodanzafestival.it\/wp-content\/uploads\/2025\/04\/head-td-interno-600x160.jpg 600w, https:\/\/www.torinodanzafestival.it\/wp-content\/uploads\/2025\/04\/head-td-interno-1116x298.jpg 1116w, https:\/\/www.torinodanzafestival.it\/wp-content\/uploads\/2025\/04\/head-td-interno-806x215.jpg 806w, https:\/\/www.torinodanzafestival.it\/wp-content\/uploads\/2025\/04\/head-td-interno-558x149.jpg 558w, https:\/\/www.torinodanzafestival.it\/wp-content\/uploads\/2025\/04\/head-td-interno-655x175.jpg 655w\" sizes=\"auto, (max-width: 1500px) 100vw, 1500px\" \/><\/div><div class=\"ls-slide\" data-ls=\"bgposition:50% 100%;transition2d:11;\"><img loading=\"lazy\" decoding=\"async\" width=\"2500\" height=\"400\" src=\"https:\/\/www.torinodanzafestival.it\/wp-content\/uploads\/2025\/04\/head-td-interno-222.jpg\" class=\"ls-bg\" alt=\"\" srcset=\"https:\/\/www.torinodanzafestival.it\/wp-content\/uploads\/2025\/04\/head-td-interno-222.jpg 2500w, https:\/\/www.torinodanzafestival.it\/wp-content\/uploads\/2025\/04\/head-td-interno-222-300x48.jpg 300w, https:\/\/www.torinodanzafestival.it\/wp-content\/uploads\/2025\/04\/head-td-interno-222-768x123.jpg 768w, https:\/\/www.torinodanzafestival.it\/wp-content\/uploads\/2025\/04\/head-td-interno-222-1024x164.jpg 1024w, https:\/\/www.torinodanzafestival.it\/wp-content\/uploads\/2025\/04\/head-td-interno-222-600x96.jpg 600w, https:\/\/www.torinodanzafestival.it\/wp-content\/uploads\/2025\/04\/head-td-interno-222-1612x258.jpg 1612w, https:\/\/www.torinodanzafestival.it\/wp-content\/uploads\/2025\/04\/head-td-interno-222-1116x179.jpg 1116w, https:\/\/www.torinodanzafestival.it\/wp-content\/uploads\/2025\/04\/head-td-interno-222-806x129.jpg 806w, https:\/\/www.torinodanzafestival.it\/wp-content\/uploads\/2025\/04\/head-td-interno-222-558x89.jpg 558w, https:\/\/www.torinodanzafestival.it\/wp-content\/uploads\/2025\/04\/head-td-interno-222-655x105.jpg 655w\" sizes=\"auto, (max-width: 2500px) 100vw, 2500px\" \/><img loading=\"lazy\" decoding=\"async\" width=\"1500\" height=\"400\" src=\"https:\/\/www.torinodanzafestival.it\/wp-content\/uploads\/2025\/04\/head-td-interno.jpg\" class=\"ls-tn\" alt=\"\" srcset=\"https:\/\/www.torinodanzafestival.it\/wp-content\/uploads\/2025\/04\/head-td-interno.jpg 1500w, https:\/\/www.torinodanzafestival.it\/wp-content\/uploads\/2025\/04\/head-td-interno-300x80.jpg 300w, https:\/\/www.torinodanzafestival.it\/wp-content\/uploads\/2025\/04\/head-td-interno-768x205.jpg 768w, https:\/\/www.torinodanzafestival.it\/wp-content\/uploads\/2025\/04\/head-td-interno-1024x273.jpg 1024w, https:\/\/www.torinodanzafestival.it\/wp-content\/uploads\/2025\/04\/head-td-interno-600x160.jpg 600w, https:\/\/www.torinodanzafestival.it\/wp-content\/uploads\/2025\/04\/head-td-interno-1116x298.jpg 1116w, https:\/\/www.torinodanzafestival.it\/wp-content\/uploads\/2025\/04\/head-td-interno-806x215.jpg 806w, https:\/\/www.torinodanzafestival.it\/wp-content\/uploads\/2025\/04\/head-td-interno-558x149.jpg 558w, https:\/\/www.torinodanzafestival.it\/wp-content\/uploads\/2025\/04\/head-td-interno-655x175.jpg 655w\" sizes=\"auto, (max-width: 1500px) 100vw, 1500px\" \/><\/div><\/div>[\/vc_column_text][vc_separator][\/vc_column][\/vc_row][vc_row equal_height=&#8221;yes&#8221;][vc_column width=&#8221;1\/4&#8243;][vc_column_text]<strong>Anna Cremonini<\/strong><br \/>\n<em>Direttrice artistica Torinodanza Festival<\/em>[\/vc_column_text][vc_column_text css=&#8221;.vc_custom_1746197349601{margin-top: 0px !important;margin-bottom: 0px !important;padding-top: 0px !important;padding-bottom: 10px !important;}&#8221;]<\/p>\n<hr \/>\n<h3><em><span style=\"color: #ed2237;\">creativit\u00e0 contemporanea.<br \/>\nedizione 2025<\/span><\/em><\/h3>\n<p>[\/vc_column_text][\/vc_column][vc_column width=&#8221;1\/2&#8243;][vc_column_text]<\/p>\n<p>Torinodanza si presenta quest\u2019anno in una veste rinnovata: pi\u00f9 intenso, pi\u00f9 concentrato, pi\u00f9 attrattivo. Il programma promette una visione ambiziosa, sottolineando l\u2019importanza di un approccio dinamico e inclusivo alla danza contemporanea. Questa formula, pi\u00f9 densa e vivace, vuole favorire la partecipazione di operatori e spettatori italiani e stranieri, confermando Torino come luogo di riferimento della creativit\u00e0 contemporanea. Gli spettacoli attraversano la citt\u00e0, dal Teatro Carignano al grattacielo Intesa Sanpaolo, dalla Casa del Teatro Ragazzi e Giovani fino alle Fonderie Limone di Moncalieri, che si confermano il cuore pulsante del Festival. La dimensione internazionale della manifestazione, la volont\u00e0 di esplorare una variet\u00e0 di generi e forme, l\u2019impegno nel sostenere e promuovere la danza italiana confermano la storica vocazione del Festival. Le linee di programmazione si intrecciano tra loro come trama e ordito di una fitta rete di attivit\u00e0 che costituisce il corpus del Festival, che non vuole essere una vetrina, ma l\u2019attimo sublime in cui la danza si compie e il teatro si manifesta come il simulacro della societ\u00e0. Il sostegno produttivo, l\u2019accoglienza delle compagnie, la cura del pubblico, le attivit\u00e0 complementari di natura laboratoriale, le relazioni territoriali e con gli stakeholders locali, sono elementi strutturali e fondanti del Festival. Ogni nuova stagione mi consente di esprimere la personale riconoscenza ai partner che promuovono questo prestigioso progetto, carta d\u2019identit\u00e0 di una visione aperta e multiculturale. Un punto di vista condiviso con il Teatro Stabile di Torino e la Citt\u00e0 di Torino, motori primari di Torinodanza, a cui si aggiunge, quale maggiore sostenitore, la Fondazione Compagnia di San Paolo che si propone sempre come modello di pratiche solidali. Un ringraziamento va a Intesa Sanpaolo che quest\u2019anno apre le porte dell\u2019Auditorium del grattacielo di Torino, alla Regione Piemonte che mette il territorio all\u2019ascolto della danza, al Ministero della Cultura che guarda a questa disciplina con interesse sempre rinnovato e alla Citt\u00e0 di Moncalieri. Le collaborazioni, le complicit\u00e0 e le condivisioni coinvolgono tante altre istituzioni, tra le quali mi fa piacere ricordare Fondazione per la Cultura Torino, MITO SettembreMusica, Fondazione Piemonte dal Vivo con la Lavanderia a Vapore di Collegno &#8211; Centro di residenza per la danza, Associazione Mosaico Danza e Festival Interplay, Fondazione Teatro Piemonte Europa e Festival delle Colline Torinesi Torino Creazione Contemporanea, Fondazione Teatro Ragazzi e Giovani, Orsolina28 Art Foundation. Il Festival \u00e8 la celebrazione del vivere nuove esperienze artistiche e lo faremo insieme alle compagnie e agli artisti che ci accompagnano in questo viaggio.\u00a0[\/vc_column_text][\/vc_column][vc_column width=&#8221;1\/4&#8243;][\/vc_column][\/vc_row]<\/p>\n<\/div>","protected":false},"excerpt":{"rendered":"<p>[vc_row content_placement=&#8221;bottom&#8221;][vc_column][vc_column_text][\/vc_column_text][vc_separator][\/vc_column][\/vc_row][vc_row equal_height=&#8221;yes&#8221;][vc_column width=&#8221;1\/4&#8243;][vc_column_text]Anna Cremonini Direttrice artistica Torinodanza Festival[\/vc_column_text][vc_column_text css=&#8221;.vc_custom_1746197349601{margin-top: 0px !important;margin-bottom: 0px !important;padding-top: 0px !important;padding-bottom: 10px !important;}&#8221;] creativit\u00e0 contemporanea. edizione 2025 [\/vc_column_text][\/vc_column][vc_column width=&#8221;1\/2&#8243;][vc_column_text] Torinodanza si presenta quest\u2019anno in una veste rinnovata: pi\u00f9 intenso, pi\u00f9 concentrato, pi\u00f9 attrattivo. Il programma promette una visione ambiziosa, sottolineando l\u2019importanza di un approccio dinamico e inclusivo alla danza contemporanea.&hellip;<\/p>\n","protected":false},"author":1,"featured_media":0,"parent":0,"menu_order":0,"comment_status":"closed","ping_status":"closed","template":"","meta":{"_acf_changed":false,"footnotes":""},"class_list":["post-9243","page","type-page","status-publish","hentry"],"acf":[],"_links":{"self":[{"href":"https:\/\/www.torinodanzafestival.it\/index.php?rest_route=\/wp\/v2\/pages\/9243","targetHints":{"allow":["GET"]}}],"collection":[{"href":"https:\/\/www.torinodanzafestival.it\/index.php?rest_route=\/wp\/v2\/pages"}],"about":[{"href":"https:\/\/www.torinodanzafestival.it\/index.php?rest_route=\/wp\/v2\/types\/page"}],"author":[{"embeddable":true,"href":"https:\/\/www.torinodanzafestival.it\/index.php?rest_route=\/wp\/v2\/users\/1"}],"replies":[{"embeddable":true,"href":"https:\/\/www.torinodanzafestival.it\/index.php?rest_route=%2Fwp%2Fv2%2Fcomments&post=9243"}],"version-history":[{"count":65,"href":"https:\/\/www.torinodanzafestival.it\/index.php?rest_route=\/wp\/v2\/pages\/9243\/revisions"}],"predecessor-version":[{"id":13328,"href":"https:\/\/www.torinodanzafestival.it\/index.php?rest_route=\/wp\/v2\/pages\/9243\/revisions\/13328"}],"wp:attachment":[{"href":"https:\/\/www.torinodanzafestival.it\/index.php?rest_route=%2Fwp%2Fv2%2Fmedia&parent=9243"}],"curies":[{"name":"wp","href":"https:\/\/api.w.org\/{rel}","templated":true}]}}